{"id":4199,"date":"2023-01-26T08:56:27","date_gmt":"2023-01-26T07:56:27","guid":{"rendered":"https:\/\/www.stemmasrl.com\/?page_id=4199"},"modified":"2023-10-11T11:01:57","modified_gmt":"2023-10-11T09:01:57","slug":"exposiciones","status":"publish","type":"page","link":"https:\/\/www.stemmasrl.com\/es\/exposiciones\/","title":{"rendered":"Exposiciones"},"content":{"rendered":"<p>[et_pb_section fb_built=\u00bb1&#8243; fullwidth=\u00bbon\u00bb _builder_version=\u00bb4.16&#8243; custom_margin=\u00bb-1px||||false|false\u00bb locked=\u00bboff\u00bb global_colors_info=\u00bb{}\u00bb][et_pb_fullwidth_slider _builder_version=\u00bb4.19.4&#8243; header_line_height=\u00bb1.2em\u00bb custom_button=\u00bbon\u00bb custom_padding=\u00bb50px||25px||false|false\u00bb global_colors_info=\u00bb{}\u00bb][et_pb_slide heading=\u00bb@ET-DC@eyJkeW5hbWljIjp0cnVlLCJjb250ZW50IjoicG9zdF90aXRsZSIsInNldHRpbmdzIjp7ImJlZm9yZSI6IiIsImFmdGVyIjoiIn19@\u00bb _builder_version=\u00bb4.16&#8243; _dynamic_attributes=\u00bbheading\u00bb header_font=\u00bbLato|700|||||||\u00bb body_font_size=\u00bb21px\u00bb background_color=\u00bb#ffffff\u00bb background_enable_color=\u00bbon\u00bb use_background_color_gradient=\u00bbon\u00bb background_color_gradient_direction=\u00bb60deg\u00bb background_color_gradient_stops=\u00bbrgba(0,0,0,0.8) 0%|rgba(0,0,0,0.5) 50%\u00bb background_color_gradient_overlays_image=\u00bbon\u00bb background_color_gradient_start=\u00bbrgba(0,0,0,0.8)\u00bb background_color_gradient_end=\u00bbrgba(0,0,0,0.5)\u00bb background_color_gradient_end_position=\u00bb50%\u00bb background_enable_image=\u00bboff\u00bb text_orientation=\u00bbleft\u00bb global_colors_info=\u00bb{}\u00bb sticky_transition=\u00bbon\u00bb][\/et_pb_slide][\/et_pb_fullwidth_slider][\/et_pb_section][et_pb_section fb_built=\u00bb1&#8243; custom_padding_last_edited=\u00bboff|desktop\u00bb _builder_version=\u00bb4.16&#8243; custom_padding=\u00bb0px||50px||false|false\u00bb custom_padding_tablet=\u00bb0px||||false|false\u00bb custom_padding_phone=\u00bb0px||||false|false\u00bb locked=\u00bboff\u00bb global_colors_info=\u00bb{}\u00bb][et_pb_row _builder_version=\u00bb4.19.4&#8243; _module_preset=\u00bbdefault\u00bb global_colors_info=\u00bb{}\u00bb][et_pb_column type=\u00bb4_4&#8243; _builder_version=\u00bb4.19.4&#8243; _module_preset=\u00bbdefault\u00bb global_colors_info=\u00bb{}\u00bb][et_pb_text _builder_version=\u00bb4.19.4&#8243; _module_preset=\u00bbdefault\u00bb locked=\u00bboff\u00bb global_colors_info=\u00bb{}\u00bb]<\/p>\n<table style=\"border-collapse: collapse; width: 100%; height: 200px;\" border=\"1\">\n<tbody>\n<tr>\n<td style=\"width: 100%; background-color: #b22222; text-align: center;\" colspan=\"4\">\n<h3><\/h3>\n<h3 style=\"text-align: left;\"><span style=\"color: #ffffff;\">2023<\/span><\/h3>\n<\/td>\n<\/tr>\n<tr>\n<td style=\"width: 25%;\"><strong><a href=\"https:\/\/www.aplusa-online.com\/\" target=\"_blank\" rel=\"noopener\">A+A<\/a><\/strong><\/td>\n<td style=\"width: 25%;\">Dusseldorf, <strong>Alemania<\/strong><\/td>\n<td style=\"width: 25%;\">24 &#8211; 27 octubre 2023<\/td>\n<td style=\"width: 25%;\"><a href=\"https:\/\/www.aplusa-online.com\/vis\/v1\/en\/exhprofiles\/Y5dIQLhjTDmqX72agWegCg\">Stand A50 &#8211; Pabell\u00f3n 16<\/a><\/td>\n<\/tr>\n<tr style=\"height: 24px; background-color: #d3d3d3;\">\n<td style=\"width: 25%; height: 24px;\"><strong><a href=\"https:\/\/www.simactanningtech.it\/fairs\/\" target=\"_blank\" rel=\"noopener\">Simac Tanning Tech<\/a><\/strong><\/td>\n<td style=\"width: 25%; height: 24px;\">Milano, <strong>Italia<\/strong><\/td>\n<td style=\"width: 25%; height: 24px;\">19 &#8211; 21 septiembre 2023<\/td>\n<td style=\"width: 25%; height: 24px;\"><a href=\"https:\/\/visit.simactanningtech.it\/exhibitors\/stemma-srl\">Stand D37 E38 &#8211; Pabell\u00f3n 14<\/a><\/td>\n<\/tr>\n<tr style=\"height: 48px;\">\n<td style=\"width: 25%; height: 48px;\"><strong><a href=\"https:\/\/indoleatherfootwear.com\/\" target=\"_blank\" rel=\"noopener\">ILF &#8211; Indo Leather and footwear<\/a><\/strong><\/td>\n<td style=\"width: 25%; height: 48px;\">JIExpo Kemayoran, Jakarta, <strong>Indonesia<\/strong><\/td>\n<td style=\"width: 25%; height: 48px;\">03 &#8211; 05 agosto 2023<\/td>\n<td style=\"width: 25%; height: 48px;\">Stand DE 019<\/td>\n<\/tr>\n<tr style=\"height: 80px; background-color: #d3d3d3;\">\n<td style=\"width: 25%; height: 80px;\" width=\"140\"><strong><a href=\"https:\/\/www.chinaleatherfair.com\/\">China (Wenzhou) Int&#8217;l Leather, Shoe Material &amp; Shoe Machinery Fair<\/a><\/strong><\/td>\n<td style=\"width: 25%; height: 80px;\" width=\"97\">Wenzhou, <strong style=\"font-style: inherit;\">China<\/strong><\/td>\n<td style=\"width: 25%; height: 80px;\" width=\"95\">2 &#8211; 4 julio 2023<\/td>\n<td style=\"width: 25%; height: 80px;\"><\/td>\n<\/tr>\n<tr style=\"height: 80px; background-color: #ffffff;\">\n<td style=\"width: 25%; height: 80px;\" width=\"140\"><strong><a href=\"https:\/\/indiatradefair.com\/iilf\/\" target=\"_blank\" rel=\"noopener\">IILF &#8211; India International Leather Fair<\/a><\/strong><\/td>\n<td style=\"width: 25%; height: 80px;\" width=\"97\">Chennai, <strong style=\"font-style: inherit;\">India<\/strong><\/td>\n<td style=\"width: 25%; height: 80px;\" width=\"95\">1 &#8211; 3 febrero 2023<\/td>\n<td style=\"width: 25%; height: 80px;\"><\/td>\n<\/tr>\n<\/tbody>\n<\/table>\n<p>[\/et_pb_text][\/et_pb_column][\/et_pb_row][\/et_pb_section]<\/p>\n","protected":false},"excerpt":{"rendered":"<p>2023 A+A Dusseldorf, Alemania 24 &#8211; 27 octubre 2023 Stand A50 &#8211; Pabell\u00f3n 16 Simac Tanning Tech Milano, Italia 19 &#8211; 21 septiembre 2023 Stand D37 E38 &#8211; Pabell\u00f3n 14 ILF &#8211; Indo Leather and footwear JIExpo Kemayoran, Jakarta, Indonesia 03 &#8211; 05 agosto 2023 Stand DE 019 China (Wenzhou) Int&#8217;l Leather, Shoe Material &amp; [&hellip;]<\/p>\n","protected":false},"author":2,"featured_media":0,"parent":0,"menu_order":0,"comment_status":"closed","ping_status":"closed","template":"","meta":{"_et_pb_use_builder":"on","_et_pb_old_content":"","_et_gb_content_width":"","footnotes":""},"class_list":["post-4199","page","type-page","status-publish","hentry"],"yoast_head":"<!-- This site is optimized with the Yoast SEO plugin v27.5 - https:\/\/yoast.com\/product\/yoast-seo-wordpress\/ -->\n<title>Exposiciones - Stemma Srl<\/title>\n<meta name=\"description\" content=\"Lista de exposiciones del sector tecnolog\u00edas, maquinaria y m\u00e1quinas para la producci\u00f3n de calzado a las que participar\u00e1 Stemma\" \/>\n<meta name=\"robots\" content=\"index, follow, max-snippet:-1, max-image-preview:large, max-video-preview:-1\" \/>\n<link rel=\"canonical\" href=\"https:\/\/www.stemmasrl.com\/es\/exposiciones\/\" \/>\n<meta property=\"og:locale\" content=\"es_ES\" \/>\n<meta property=\"og:type\" content=\"article\" \/>\n<meta property=\"og:title\" content=\"Exposiciones - Stemma Srl\" \/>\n<meta property=\"og:description\" content=\"Lista de exposiciones del sector tecnolog\u00edas, maquinaria y m\u00e1quinas para la producci\u00f3n de calzado a las que participar\u00e1 Stemma\" \/>\n<meta property=\"og:url\" content=\"https:\/\/www.stemmasrl.com\/es\/exposiciones\/\" \/>\n<meta property=\"og:site_name\" content=\"Stemma Srl\" \/>\n<meta property=\"article:publisher\" content=\"https:\/\/www.facebook.com\/STEMMApolyurethanemachine\/\" \/>\n<meta property=\"article:modified_time\" content=\"2023-10-11T09:01:57+00:00\" \/>\n<meta name=\"twitter:card\" content=\"summary_large_image\" \/>\n<meta name=\"twitter:label1\" content=\"Tiempo de lectura\" \/>\n\t<meta name=\"twitter:data1\" content=\"1 minuto\" \/>\n<script type=\"application\/ld+json\" class=\"yoast-schema-graph\">{\"@context\":\"https:\\\/\\\/schema.org\",\"@graph\":[{\"@type\":\"WebPage\",\"@id\":\"https:\\\/\\\/www.stemmasrl.com\\\/es\\\/exposiciones\\\/\",\"url\":\"https:\\\/\\\/www.stemmasrl.com\\\/es\\\/exposiciones\\\/\",\"name\":\"Exposiciones - Stemma Srl\",\"isPartOf\":{\"@id\":\"https:\\\/\\\/www.stemmasrl.com\\\/es\\\/#website\"},\"datePublished\":\"2023-01-26T07:56:27+00:00\",\"dateModified\":\"2023-10-11T09:01:57+00:00\",\"description\":\"Lista de exposiciones del sector tecnolog\u00edas, maquinaria y m\u00e1quinas para la producci\u00f3n de calzado a las que participar\u00e1 Stemma\",\"breadcrumb\":{\"@id\":\"https:\\\/\\\/www.stemmasrl.com\\\/es\\\/exposiciones\\\/#breadcrumb\"},\"inLanguage\":\"es\",\"potentialAction\":[{\"@type\":\"ReadAction\",\"target\":[\"https:\\\/\\\/www.stemmasrl.com\\\/es\\\/exposiciones\\\/\"]}]},{\"@type\":\"BreadcrumbList\",\"@id\":\"https:\\\/\\\/www.stemmasrl.com\\\/es\\\/exposiciones\\\/#breadcrumb\",\"itemListElement\":[{\"@type\":\"ListItem\",\"position\":1,\"name\":\"Home\",\"item\":\"https:\\\/\\\/www.stemmasrl.com\\\/es\\\/\"},{\"@type\":\"ListItem\",\"position\":2,\"name\":\"Exposiciones\"}]},{\"@type\":\"WebSite\",\"@id\":\"https:\\\/\\\/www.stemmasrl.com\\\/es\\\/#website\",\"url\":\"https:\\\/\\\/www.stemmasrl.com\\\/es\\\/\",\"name\":\"Stemma Srl\",\"description\":\"Tecnologie del poliuretano per l&#039;industria calzaturiera\",\"potentialAction\":[{\"@type\":\"SearchAction\",\"target\":{\"@type\":\"EntryPoint\",\"urlTemplate\":\"https:\\\/\\\/www.stemmasrl.com\\\/es\\\/?s={search_term_string}\"},\"query-input\":{\"@type\":\"PropertyValueSpecification\",\"valueRequired\":true,\"valueName\":\"search_term_string\"}}],\"inLanguage\":\"es\"}]}<\/script>\n<!-- \/ Yoast SEO plugin. -->","yoast_head_json":{"title":"Exposiciones - Stemma Srl","description":"Lista de exposiciones del sector tecnolog\u00edas, maquinaria y m\u00e1quinas para la producci\u00f3n de calzado a las que participar\u00e1 Stemma","robots":{"index":"index","follow":"follow","max-snippet":"max-snippet:-1","max-image-preview":"max-image-preview:large","max-video-preview":"max-video-preview:-1"},"canonical":"https:\/\/www.stemmasrl.com\/es\/exposiciones\/","og_locale":"es_ES","og_type":"article","og_title":"Exposiciones - Stemma Srl","og_description":"Lista de exposiciones del sector tecnolog\u00edas, maquinaria y m\u00e1quinas para la producci\u00f3n de calzado a las que participar\u00e1 Stemma","og_url":"https:\/\/www.stemmasrl.com\/es\/exposiciones\/","og_site_name":"Stemma Srl","article_publisher":"https:\/\/www.facebook.com\/STEMMApolyurethanemachine\/","article_modified_time":"2023-10-11T09:01:57+00:00","twitter_card":"summary_large_image","twitter_misc":{"Tiempo de lectura":"1 minuto"},"schema":{"@context":"https:\/\/schema.org","@graph":[{"@type":"WebPage","@id":"https:\/\/www.stemmasrl.com\/es\/exposiciones\/","url":"https:\/\/www.stemmasrl.com\/es\/exposiciones\/","name":"Exposiciones - Stemma Srl","isPartOf":{"@id":"https:\/\/www.stemmasrl.com\/es\/#website"},"datePublished":"2023-01-26T07:56:27+00:00","dateModified":"2023-10-11T09:01:57+00:00","description":"Lista de exposiciones del sector tecnolog\u00edas, maquinaria y m\u00e1quinas para la producci\u00f3n de calzado a las que participar\u00e1 Stemma","breadcrumb":{"@id":"https:\/\/www.stemmasrl.com\/es\/exposiciones\/#breadcrumb"},"inLanguage":"es","potentialAction":[{"@type":"ReadAction","target":["https:\/\/www.stemmasrl.com\/es\/exposiciones\/"]}]},{"@type":"BreadcrumbList","@id":"https:\/\/www.stemmasrl.com\/es\/exposiciones\/#breadcrumb","itemListElement":[{"@type":"ListItem","position":1,"name":"Home","item":"https:\/\/www.stemmasrl.com\/es\/"},{"@type":"ListItem","position":2,"name":"Exposiciones"}]},{"@type":"WebSite","@id":"https:\/\/www.stemmasrl.com\/es\/#website","url":"https:\/\/www.stemmasrl.com\/es\/","name":"Stemma Srl","description":"Tecnologie del poliuretano per l&#039;industria calzaturiera","potentialAction":[{"@type":"SearchAction","target":{"@type":"EntryPoint","urlTemplate":"https:\/\/www.stemmasrl.com\/es\/?s={search_term_string}"},"query-input":{"@type":"PropertyValueSpecification","valueRequired":true,"valueName":"search_term_string"}}],"inLanguage":"es"}]}},"_links":{"self":[{"href":"https:\/\/www.stemmasrl.com\/es\/wp-json\/wp\/v2\/pages\/4199","targetHints":{"allow":["GET"]}}],"collection":[{"href":"https:\/\/www.stemmasrl.com\/es\/wp-json\/wp\/v2\/pages"}],"about":[{"href":"https:\/\/www.stemmasrl.com\/es\/wp-json\/wp\/v2\/types\/page"}],"author":[{"embeddable":true,"href":"https:\/\/www.stemmasrl.com\/es\/wp-json\/wp\/v2\/users\/2"}],"replies":[{"embeddable":true,"href":"https:\/\/www.stemmasrl.com\/es\/wp-json\/wp\/v2\/comments?post=4199"}],"version-history":[{"count":20,"href":"https:\/\/www.stemmasrl.com\/es\/wp-json\/wp\/v2\/pages\/4199\/revisions"}],"predecessor-version":[{"id":4519,"href":"https:\/\/www.stemmasrl.com\/es\/wp-json\/wp\/v2\/pages\/4199\/revisions\/4519"}],"wp:attachment":[{"href":"https:\/\/www.stemmasrl.com\/es\/wp-json\/wp\/v2\/media?parent=4199"}],"curies":[{"name":"wp","href":"https:\/\/api.w.org\/{rel}","templated":true}]}}