{"id":2530,"date":"2021-04-30T10:40:28","date_gmt":"2021-04-30T08:40:28","guid":{"rendered":"https:\/\/www.stemmasrl.com\/tecnologia-de-colada-de-poliuretano-a-molde-abierto\/"},"modified":"2022-03-10T08:44:41","modified_gmt":"2022-03-10T07:44:41","slug":"tecnologia-de-colada-de-poliuretano-a-molde-abierto","status":"publish","type":"page","link":"https:\/\/www.stemmasrl.com\/es\/tecnologias-de-moldeado-del-poliuretano\/tecnologia-de-colada-de-poliuretano-a-molde-abierto\/","title":{"rendered":"Tecnolog\u00eda de colada de poliuretano a molde abierto"},"content":{"rendered":"<p>[et_pb_section fb_built=\u00bb1&#8243; fullwidth=\u00bbon\u00bb disabled_on=\u00bbon|off|off\u00bb _builder_version=\u00bb4.8.1&#8243; global_colors_info=\u00bb{}\u00bb][et_pb_fullwidth_slider _builder_version=\u00bb4.9.4&#8243; header_line_height=\u00bb1em\u00bb custom_button=\u00bbon\u00bb height=\u00bb650px\u00bb custom_padding=\u00bb250px||250px|||\u00bb global_colors_info=\u00bb{}\u00bb button_bg_color__hover_enabled=\u00bbon|hover\u00bb button_bg_color__hover=\u00bb#f93434&#8243; transform_styles__hover_enabled=\u00bbon|hover\u00bb transform_scale__hover_enabled=\u00bbon|hover\u00bb transform_translate__hover_enabled=\u00bbon|desktop\u00bb transform_rotate__hover_enabled=\u00bbon|desktop\u00bb transform_skew__hover_enabled=\u00bbon|desktop\u00bb transform_origin__hover_enabled=\u00bbon|desktop\u00bb transform_scale__hover=\u00bb102%|102%\u00bb button_bg_enable_color__hover=\u00bbon\u00bb][et_pb_slide heading=\u00bbColada a molde abierto\u00bb use_bg_overlay=\u00bbon\u00bb _builder_version=\u00bb4.9.4&#8243; header_font=\u00bb|700|||||||\u00bb header_font_size=\u00bb40px\u00bb body_font=\u00bb||||||||\u00bb body_font_size=\u00bb21px\u00bb background_enable_color=\u00bboff\u00bb use_background_color_gradient=\u00bbon\u00bb background_color_gradient_start=\u00bbrgba(0,0,0,0.8)\u00bb background_color_gradient_end=\u00bbrgba(0,0,0,0)\u00bb background_color_gradient_type=\u00bbradial\u00bb background_color_gradient_direction_radial=\u00bbbottom left\u00bb background_color_gradient_end_position=\u00bb60%\u00bb background_color_gradient_overlays_image=\u00bbon\u00bb background_enable_image=\u00bboff\u00bb background_video_mp4=\u00bbhttps:\/\/www.stemmasrl.com\/wp-content\/uploads\/2021\/12\/Polyurethane-pouring-on-mould-for-soles-production.mp4&#8243; background_enable_video_mp4=\u00bbon\u00bb text_orientation=\u00bbleft\u00bb global_colors_info=\u00bb{}\u00bb sticky_transition=\u00bbon\u00bb]<\/p>\n<p>Tecnolog\u00eda para la p<strong>roducci\u00f3n de componentes <br \/>y suelas de calzados, en poliuretano mono o bidensidad.<\/strong><\/p>\n<p>El material se vierte desde arriba en el molde <br \/>mediante un <strong>proceso automatizado<\/strong> con <strong>sistema <br \/>de autolimpieza del cabezal de inyecci\u00f3n<\/strong>.<\/p>\n<p>[\/et_pb_slide][\/et_pb_fullwidth_slider][\/et_pb_section][et_pb_section fb_built=\u00bb1&#8243; custom_padding_last_edited=\u00bbon|tablet\u00bb _builder_version=\u00bb4.14.5&#8243; custom_padding=\u00bb50px||50px||false|false\u00bb custom_padding_tablet=\u00bb0px||||false|false\u00bb custom_padding_phone=\u00bb0px||||false|false\u00bb animation_style=\u00bbfade\u00bb global_colors_info=\u00bb{}\u00bb][et_pb_row column_structure=\u00bb1_2,1_2&#8243; disabled_on=\u00bboff|on|on\u00bb _builder_version=\u00bb4.9.4&#8243; _module_preset=\u00bbdefault\u00bb background_color=\u00bbrgba(0,0,0,0.5)\u00bb width=\u00bb100%\u00bb custom_margin=\u00bb0px|0px|0px|0px|false|false\u00bb custom_padding=\u00bb0px|0px|0px|0px|false|false\u00bb locked=\u00bboff\u00bb global_colors_info=\u00bb{}\u00bb][et_pb_column type=\u00bb1_2&#8243; _builder_version=\u00bb4.9.4&#8243; _module_preset=\u00bbdefault\u00bb custom_padding=\u00bb0px|0px|0px|0px|false|false\u00bb background_last_edited=\u00bbon|phone\u00bb global_colors_info=\u00bb{}\u00bb][et_pb_cta title=\u00bbColada a molde abierto\u00bb _builder_version=\u00bb4.14.5&#8243; _module_preset=\u00bbdefault\u00bb header_level=\u00bbh1&#8243; header_font=\u00bb|800|||||||\u00bb header_text_align=\u00bbcenter\u00bb header_font_size=\u00bb35px\u00bb body_font_size=\u00bb24px\u00bb body_line_height=\u00bb1.2em\u00bb background_enable_color=\u00bboff\u00bb background_enable_image=\u00bboff\u00bb width=\u00bb100%\u00bb custom_margin=\u00bb||||false|false\u00bb custom_padding=\u00bb200px||200px||false|false\u00bb hover_enabled=\u00bb0&#8243; background_last_edited=\u00bbon|phone\u00bb background_enable_color_phone=\u00bboff\u00bb use_background_color_gradient_phone=\u00bbon\u00bb background_color_gradient_start_phone=\u00bbrgba(10,6,6,0.4)\u00bb background_color_gradient_end_phone=\u00bbrgba(10,10,10,0.2)\u00bb background_color_gradient_overlays_image_phone=\u00bbon\u00bb background_image_phone=\u00bbhttps:\/\/www.stemmasrl.com\/wp-content\/uploads\/2022\/03\/suola-poliuretano-per-colata.jpg\u00bb background_enable_image_phone=\u00bbon\u00bb global_colors_info=\u00bb{}\u00bb sticky_enabled=\u00bb0&#8243; alt=\u00bbColatura del poliuretano su stampo suola\u00bb title_text=\u00bbcolatura poliuretano per stampaggio suola\u00bb][\/et_pb_cta][\/et_pb_column][et_pb_column type=\u00bb1_2&#8243; _builder_version=\u00bb4.9.4&#8243; _module_preset=\u00bbdefault\u00bb global_colors_info=\u00bb{}\u00bb][et_pb_cta _builder_version=\u00bb4.8.1&#8243; _module_preset=\u00bbdefault\u00bb body_text_align=\u00bbleft\u00bb body_font_size=\u00bb18px\u00bb background_enable_color=\u00bboff\u00bb custom_padding=\u00bb0px|25px|25px|25px|false|false\u00bb global_colors_info=\u00bb{}\u00bb]<\/p>\n<p>Tecnolog\u00eda para la p<strong>roducci\u00f3n de componentes y suelas de calzados, en poliuretano mono o bidensidad.<\/strong><\/p>\n<p>El material se vierte desde arriba en el molde mediante un <strong>proceso automatizado<\/strong> con <strong>sistema de autolimpieza del cabezal de inyecci\u00f3n<\/strong>.<\/p>\n<p>[\/et_pb_cta][\/et_pb_column][\/et_pb_row][et_pb_row custom_padding_last_edited=\u00bbon|phone\u00bb _builder_version=\u00bb4.14.5&#8243; _module_preset=\u00bbdefault\u00bb custom_margin=\u00bb||||false|false\u00bb custom_margin_last_edited=\u00bboff|tablet\u00bb custom_padding_tablet=\u00bb\u00bb custom_padding_phone=\u00bb\u00bb locked=\u00bboff\u00bb global_colors_info=\u00bb{}\u00bb][et_pb_column type=\u00bb4_4&#8243; _builder_version=\u00bb4.8.1&#8243; _module_preset=\u00bbdefault\u00bb custom_padding=\u00bb||||false|false\u00bb global_colors_info=\u00bb{}\u00bb][et_pb_cta button_url=\u00bb@ET-DC@eyJkeW5hbWljIjp0cnVlLCJjb250ZW50IjoicG9zdF9saW5rX3VybF9wYWdlIiwic2V0dGluZ3MiOnsicG9zdF9pZCI6IjEzODEifX0=@\u00bb button_text=\u00bbDescubra nuestras instalaciones de colada de PU\u00bb _builder_version=\u00bb4.8.1&#8243; _dynamic_attributes=\u00bbbutton_url\u00bb _module_preset=\u00bbdefault\u00bb background_image=\u00bbhttps:\/\/www.stemmasrl.com\/wp-content\/uploads\/2021\/01\/macchina-per-produzione-suole-per-colata-di-poliuretano.jpg\u00bb custom_button=\u00bbon\u00bb button_text_size=\u00bb25px\u00bb button_text_color=\u00bb#ffffff\u00bb button_bg_color=\u00bb#e02b20&#8243; button_border_width=\u00bb2px\u00bb button_border_color=\u00bb#ffffff\u00bb button_border_radius=\u00bb100px\u00bb button_font=\u00bb|600|||||||\u00bb button_custom_padding=\u00bb10px||10px||false|false\u00bb custom_padding=\u00bb100px||100px||false|false\u00bb button_text_size_tablet=\u00bb20px\u00bb button_text_size_phone=\u00bb15px\u00bb button_text_size_last_edited=\u00bbon|phone\u00bb box_shadow_style_button=\u00bbpreset1&#8243; global_colors_info=\u00bb{}\u00bb border_radii__hover_enabled=\u00bbon|desktop\u00bb border_radii__hover=\u00bbon|50px|50px|50px|50px\u00bb][\/et_pb_cta][\/et_pb_column][\/et_pb_row][et_pb_row column_structure=\u00bb1_2,1_2&#8243; custom_padding_last_edited=\u00bbon|desktop\u00bb _builder_version=\u00bb4.8.1&#8243; _module_preset=\u00bbdefault\u00bb custom_padding=\u00bb50px||0px||false|false\u00bb custom_padding_tablet=\u00bb25px||||false|false\u00bb custom_padding_phone=\u00bb\u00bb locked=\u00bboff\u00bb global_colors_info=\u00bb{}\u00bb][et_pb_column type=\u00bb1_2&#8243; _builder_version=\u00bb4.8.1&#8243; _module_preset=\u00bbdefault\u00bb global_colors_info=\u00bb{}\u00bb][et_pb_button button_url=\u00bb@ET-DC@eyJkeW5hbWljIjp0cnVlLCJjb250ZW50IjoicG9zdF9saW5rX3VybF9wYWdlIiwic2V0dGluZ3MiOnsicG9zdF9pZCI6IjIwMCJ9fQ==@\u00bb button_text=\u00bbRPU spray tecnology\u00bb button_alignment=\u00bbleft\u00bb _builder_version=\u00bb4.13.0&#8243; _dynamic_attributes=\u00bbbutton_url\u00bb _module_preset=\u00bbdefault\u00bb button_text_size=\u00bb20px\u00bb button_text_color=\u00bb#FFFFFF\u00bb button_bg_color=\u00bbrgba(0,0,0,0.5)\u00bb button_border_radius=\u00bb35px\u00bb button_font=\u00bb||||||||\u00bb button_use_icon=\u00bbon\u00bb button_icon=\u00bb&#x23;||divi||400&#8243; button_icon_color=\u00bb#FFFFFF\u00bb button_icon_placement=\u00bbleft\u00bb custom_padding=\u00bb10px|50px|10px|50px|false|false\u00bb button_text_size_tablet=\u00bb\u00bb button_text_size_phone=\u00bb20px\u00bb button_text_size_last_edited=\u00bbon|phone\u00bb global_colors_info=\u00bb{}\u00bb button_text_size__hover_enabled=\u00bbon|desktop\u00bb button_text_size__hover=\u00bb20px\u00bb][\/et_pb_button][\/et_pb_column][et_pb_column type=\u00bb1_2&#8243; _builder_version=\u00bb4.8.1&#8243; _module_preset=\u00bbdefault\u00bb global_colors_info=\u00bb{}\u00bb][et_pb_button button_url=\u00bb@ET-DC@eyJkeW5hbWljIjp0cnVlLCJjb250ZW50IjoicG9zdF9saW5rX3VybF9wYWdlIiwic2V0dGluZ3MiOnsicG9zdF9pZCI6IjE2OSJ9fQ==@\u00bb button_text=\u00bbInyecci\u00f3n directa\u00bb button_alignment=\u00bbright\u00bb _builder_version=\u00bb4.13.0&#8243; _dynamic_attributes=\u00bbbutton_url\u00bb _module_preset=\u00bbdefault\u00bb button_text_size=\u00bb20px\u00bb button_text_color=\u00bb#FFFFFF\u00bb button_bg_color=\u00bbrgba(0,0,0,0.5)\u00bb button_border_radius=\u00bb35px\u00bb button_font=\u00bb||||||||\u00bb button_use_icon=\u00bbon\u00bb button_icon=\u00bb&#x24;||divi||400&#8243; button_icon_color=\u00bb#FFFFFF\u00bb custom_padding=\u00bb10px|50px|10px|50px|false|false\u00bb locked=\u00bboff\u00bb global_colors_info=\u00bb{}\u00bb button_text_color__hover_enabled=\u00bbon|hover\u00bb button_text_size__hover_enabled=\u00bbon|hover\u00bb button_text_size__hover=\u00bb20px\u00bb button_text_color__hover=\u00bb#FFFFFF\u00bb][\/et_pb_button][\/et_pb_column][\/et_pb_row][\/et_pb_section]<\/p>\n","protected":false},"excerpt":{"rendered":"<p>Tecnolog\u00eda para la producci\u00f3n de componentes y suelas de calzados, en poliuretano mono o bidensidad. El material se vierte desde arriba en el molde mediante un proceso automatizado con sistema de autolimpieza del cabezal de inyecci\u00f3n.Tecnolog\u00eda para la producci\u00f3n de componentes y suelas de calzados, en poliuretano mono o bidensidad. El material se vierte desde [&hellip;]<\/p>\n","protected":false},"author":2,"featured_media":2522,"parent":2549,"menu_order":0,"comment_status":"closed","ping_status":"closed","template":"","meta":{"_et_pb_use_builder":"on","_et_pb_old_content":"","_et_gb_content_width":"","footnotes":""},"class_list":["post-2530","page","type-page","status-publish","has-post-thumbnail","hentry"],"yoast_head":"<!-- This site is optimized with the Yoast SEO plugin v27.5 - https:\/\/yoast.com\/product\/yoast-seo-wordpress\/ -->\n<title>Tecnolog\u00eda de colada de poliuretano a molde abierto - Stemma Srl<\/title>\n<meta name=\"description\" content=\"Tecnolog\u00eda de colada de poliuretano a molde abierto para la producci\u00f3n de suelas y plantillas.\" \/>\n<meta name=\"robots\" content=\"index, follow, max-snippet:-1, max-image-preview:large, max-video-preview:-1\" \/>\n<link rel=\"canonical\" href=\"https:\/\/www.stemmasrl.com\/es\/tecnologias-de-moldeado-del-poliuretano\/tecnologia-de-colada-de-poliuretano-a-molde-abierto\/\" \/>\n<meta property=\"og:locale\" content=\"es_ES\" \/>\n<meta property=\"og:type\" content=\"article\" \/>\n<meta property=\"og:title\" content=\"Tecnolog\u00eda de colada de poliuretano a molde abierto - Stemma Srl\" \/>\n<meta property=\"og:description\" content=\"Tecnolog\u00eda de colada de poliuretano a molde abierto para la producci\u00f3n de suelas y plantillas.\" \/>\n<meta property=\"og:url\" content=\"https:\/\/www.stemmasrl.com\/es\/tecnologias-de-moldeado-del-poliuretano\/tecnologia-de-colada-de-poliuretano-a-molde-abierto\/\" \/>\n<meta property=\"og:site_name\" content=\"Stemma Srl\" \/>\n<meta property=\"article:publisher\" content=\"https:\/\/www.facebook.com\/STEMMApolyurethanemachine\/\" \/>\n<meta property=\"article:modified_time\" content=\"2022-03-10T07:44:41+00:00\" \/>\n<meta property=\"og:image\" content=\"https:\/\/www.stemmasrl.com\/wp-content\/uploads\/2020\/12\/produzione-di-suole-per-colata-di-poliuretano-su-stampo-aperto.jpg\" \/>\n\t<meta property=\"og:image:width\" content=\"910\" \/>\n\t<meta property=\"og:image:height\" content=\"425\" \/>\n\t<meta property=\"og:image:type\" content=\"image\/jpeg\" \/>\n<meta name=\"twitter:card\" content=\"summary_large_image\" \/>\n<meta name=\"twitter:label1\" content=\"Tiempo de lectura\" \/>\n\t<meta name=\"twitter:data1\" content=\"5 minutos\" \/>\n<script type=\"application\/ld+json\" class=\"yoast-schema-graph\">{\"@context\":\"https:\\\/\\\/schema.org\",\"@graph\":[{\"@type\":\"WebPage\",\"@id\":\"https:\\\/\\\/www.stemmasrl.com\\\/es\\\/tecnologias-de-moldeado-del-poliuretano\\\/tecnologia-de-colada-de-poliuretano-a-molde-abierto\\\/\",\"url\":\"https:\\\/\\\/www.stemmasrl.com\\\/es\\\/tecnologias-de-moldeado-del-poliuretano\\\/tecnologia-de-colada-de-poliuretano-a-molde-abierto\\\/\",\"name\":\"Tecnolog\u00eda de colada de poliuretano a molde abierto - Stemma Srl\",\"isPartOf\":{\"@id\":\"https:\\\/\\\/www.stemmasrl.com\\\/es\\\/#website\"},\"primaryImageOfPage\":{\"@id\":\"https:\\\/\\\/www.stemmasrl.com\\\/es\\\/tecnologias-de-moldeado-del-poliuretano\\\/tecnologia-de-colada-de-poliuretano-a-molde-abierto\\\/#primaryimage\"},\"image\":{\"@id\":\"https:\\\/\\\/www.stemmasrl.com\\\/es\\\/tecnologias-de-moldeado-del-poliuretano\\\/tecnologia-de-colada-de-poliuretano-a-molde-abierto\\\/#primaryimage\"},\"thumbnailUrl\":\"https:\\\/\\\/www.stemmasrl.com\\\/wp-content\\\/uploads\\\/2020\\\/12\\\/produzione-di-suole-per-colata-di-poliuretano-su-stampo-aperto.jpg\",\"datePublished\":\"2021-04-30T08:40:28+00:00\",\"dateModified\":\"2022-03-10T07:44:41+00:00\",\"description\":\"Tecnolog\u00eda de colada de poliuretano a molde abierto para la producci\u00f3n de suelas y plantillas.\",\"breadcrumb\":{\"@id\":\"https:\\\/\\\/www.stemmasrl.com\\\/es\\\/tecnologias-de-moldeado-del-poliuretano\\\/tecnologia-de-colada-de-poliuretano-a-molde-abierto\\\/#breadcrumb\"},\"inLanguage\":\"es\",\"potentialAction\":[{\"@type\":\"ReadAction\",\"target\":[\"https:\\\/\\\/www.stemmasrl.com\\\/es\\\/tecnologias-de-moldeado-del-poliuretano\\\/tecnologia-de-colada-de-poliuretano-a-molde-abierto\\\/\"]}]},{\"@type\":\"ImageObject\",\"inLanguage\":\"es\",\"@id\":\"https:\\\/\\\/www.stemmasrl.com\\\/es\\\/tecnologias-de-moldeado-del-poliuretano\\\/tecnologia-de-colada-de-poliuretano-a-molde-abierto\\\/#primaryimage\",\"url\":\"https:\\\/\\\/www.stemmasrl.com\\\/wp-content\\\/uploads\\\/2020\\\/12\\\/produzione-di-suole-per-colata-di-poliuretano-su-stampo-aperto.jpg\",\"contentUrl\":\"https:\\\/\\\/www.stemmasrl.com\\\/wp-content\\\/uploads\\\/2020\\\/12\\\/produzione-di-suole-per-colata-di-poliuretano-su-stampo-aperto.jpg\",\"width\":910,\"height\":425,\"caption\":\"Tecnolog\u00eda a colada de poliuretano\"},{\"@type\":\"BreadcrumbList\",\"@id\":\"https:\\\/\\\/www.stemmasrl.com\\\/es\\\/tecnologias-de-moldeado-del-poliuretano\\\/tecnologia-de-colada-de-poliuretano-a-molde-abierto\\\/#breadcrumb\",\"itemListElement\":[{\"@type\":\"ListItem\",\"position\":1,\"name\":\"Home\",\"item\":\"https:\\\/\\\/www.stemmasrl.com\\\/es\\\/\"},{\"@type\":\"ListItem\",\"position\":2,\"name\":\"Tecnologias de moldeo del poliuretano\",\"item\":\"https:\\\/\\\/www.stemmasrl.com\\\/es\\\/tecnologias-de-moldeado-del-poliuretano\\\/\"},{\"@type\":\"ListItem\",\"position\":3,\"name\":\"Tecnolog\u00eda de colada de poliuretano a molde abierto\"}]},{\"@type\":\"WebSite\",\"@id\":\"https:\\\/\\\/www.stemmasrl.com\\\/es\\\/#website\",\"url\":\"https:\\\/\\\/www.stemmasrl.com\\\/es\\\/\",\"name\":\"Stemma Srl\",\"description\":\"Tecnologie del poliuretano per l&#039;industria calzaturiera\",\"potentialAction\":[{\"@type\":\"SearchAction\",\"target\":{\"@type\":\"EntryPoint\",\"urlTemplate\":\"https:\\\/\\\/www.stemmasrl.com\\\/es\\\/?s={search_term_string}\"},\"query-input\":{\"@type\":\"PropertyValueSpecification\",\"valueRequired\":true,\"valueName\":\"search_term_string\"}}],\"inLanguage\":\"es\"}]}<\/script>\n<!-- \/ Yoast SEO plugin. -->","yoast_head_json":{"title":"Tecnolog\u00eda de colada de poliuretano a molde abierto - Stemma Srl","description":"Tecnolog\u00eda de colada de poliuretano a molde abierto para la producci\u00f3n de suelas y plantillas.","robots":{"index":"index","follow":"follow","max-snippet":"max-snippet:-1","max-image-preview":"max-image-preview:large","max-video-preview":"max-video-preview:-1"},"canonical":"https:\/\/www.stemmasrl.com\/es\/tecnologias-de-moldeado-del-poliuretano\/tecnologia-de-colada-de-poliuretano-a-molde-abierto\/","og_locale":"es_ES","og_type":"article","og_title":"Tecnolog\u00eda de colada de poliuretano a molde abierto - Stemma Srl","og_description":"Tecnolog\u00eda de colada de poliuretano a molde abierto para la producci\u00f3n de suelas y plantillas.","og_url":"https:\/\/www.stemmasrl.com\/es\/tecnologias-de-moldeado-del-poliuretano\/tecnologia-de-colada-de-poliuretano-a-molde-abierto\/","og_site_name":"Stemma Srl","article_publisher":"https:\/\/www.facebook.com\/STEMMApolyurethanemachine\/","article_modified_time":"2022-03-10T07:44:41+00:00","og_image":[{"width":910,"height":425,"url":"https:\/\/www.stemmasrl.com\/wp-content\/uploads\/2020\/12\/produzione-di-suole-per-colata-di-poliuretano-su-stampo-aperto.jpg","type":"image\/jpeg"}],"twitter_card":"summary_large_image","twitter_misc":{"Tiempo de lectura":"5 minutos"},"schema":{"@context":"https:\/\/schema.org","@graph":[{"@type":"WebPage","@id":"https:\/\/www.stemmasrl.com\/es\/tecnologias-de-moldeado-del-poliuretano\/tecnologia-de-colada-de-poliuretano-a-molde-abierto\/","url":"https:\/\/www.stemmasrl.com\/es\/tecnologias-de-moldeado-del-poliuretano\/tecnologia-de-colada-de-poliuretano-a-molde-abierto\/","name":"Tecnolog\u00eda de colada de poliuretano a molde abierto - Stemma Srl","isPartOf":{"@id":"https:\/\/www.stemmasrl.com\/es\/#website"},"primaryImageOfPage":{"@id":"https:\/\/www.stemmasrl.com\/es\/tecnologias-de-moldeado-del-poliuretano\/tecnologia-de-colada-de-poliuretano-a-molde-abierto\/#primaryimage"},"image":{"@id":"https:\/\/www.stemmasrl.com\/es\/tecnologias-de-moldeado-del-poliuretano\/tecnologia-de-colada-de-poliuretano-a-molde-abierto\/#primaryimage"},"thumbnailUrl":"https:\/\/www.stemmasrl.com\/wp-content\/uploads\/2020\/12\/produzione-di-suole-per-colata-di-poliuretano-su-stampo-aperto.jpg","datePublished":"2021-04-30T08:40:28+00:00","dateModified":"2022-03-10T07:44:41+00:00","description":"Tecnolog\u00eda de colada de poliuretano a molde abierto para la producci\u00f3n de suelas y plantillas.","breadcrumb":{"@id":"https:\/\/www.stemmasrl.com\/es\/tecnologias-de-moldeado-del-poliuretano\/tecnologia-de-colada-de-poliuretano-a-molde-abierto\/#breadcrumb"},"inLanguage":"es","potentialAction":[{"@type":"ReadAction","target":["https:\/\/www.stemmasrl.com\/es\/tecnologias-de-moldeado-del-poliuretano\/tecnologia-de-colada-de-poliuretano-a-molde-abierto\/"]}]},{"@type":"ImageObject","inLanguage":"es","@id":"https:\/\/www.stemmasrl.com\/es\/tecnologias-de-moldeado-del-poliuretano\/tecnologia-de-colada-de-poliuretano-a-molde-abierto\/#primaryimage","url":"https:\/\/www.stemmasrl.com\/wp-content\/uploads\/2020\/12\/produzione-di-suole-per-colata-di-poliuretano-su-stampo-aperto.jpg","contentUrl":"https:\/\/www.stemmasrl.com\/wp-content\/uploads\/2020\/12\/produzione-di-suole-per-colata-di-poliuretano-su-stampo-aperto.jpg","width":910,"height":425,"caption":"Tecnolog\u00eda a colada de poliuretano"},{"@type":"BreadcrumbList","@id":"https:\/\/www.stemmasrl.com\/es\/tecnologias-de-moldeado-del-poliuretano\/tecnologia-de-colada-de-poliuretano-a-molde-abierto\/#breadcrumb","itemListElement":[{"@type":"ListItem","position":1,"name":"Home","item":"https:\/\/www.stemmasrl.com\/es\/"},{"@type":"ListItem","position":2,"name":"Tecnologias de moldeo del poliuretano","item":"https:\/\/www.stemmasrl.com\/es\/tecnologias-de-moldeado-del-poliuretano\/"},{"@type":"ListItem","position":3,"name":"Tecnolog\u00eda de colada de poliuretano a molde abierto"}]},{"@type":"WebSite","@id":"https:\/\/www.stemmasrl.com\/es\/#website","url":"https:\/\/www.stemmasrl.com\/es\/","name":"Stemma Srl","description":"Tecnologie del poliuretano per l&#039;industria calzaturiera","potentialAction":[{"@type":"SearchAction","target":{"@type":"EntryPoint","urlTemplate":"https:\/\/www.stemmasrl.com\/es\/?s={search_term_string}"},"query-input":{"@type":"PropertyValueSpecification","valueRequired":true,"valueName":"search_term_string"}}],"inLanguage":"es"}]}},"_links":{"self":[{"href":"https:\/\/www.stemmasrl.com\/es\/wp-json\/wp\/v2\/pages\/2530","targetHints":{"allow":["GET"]}}],"collection":[{"href":"https:\/\/www.stemmasrl.com\/es\/wp-json\/wp\/v2\/pages"}],"about":[{"href":"https:\/\/www.stemmasrl.com\/es\/wp-json\/wp\/v2\/types\/page"}],"author":[{"embeddable":true,"href":"https:\/\/www.stemmasrl.com\/es\/wp-json\/wp\/v2\/users\/2"}],"replies":[{"embeddable":true,"href":"https:\/\/www.stemmasrl.com\/es\/wp-json\/wp\/v2\/comments?post=2530"}],"version-history":[{"count":18,"href":"https:\/\/www.stemmasrl.com\/es\/wp-json\/wp\/v2\/pages\/2530\/revisions"}],"predecessor-version":[{"id":3419,"href":"https:\/\/www.stemmasrl.com\/es\/wp-json\/wp\/v2\/pages\/2530\/revisions\/3419"}],"up":[{"embeddable":true,"href":"https:\/\/www.stemmasrl.com\/es\/wp-json\/wp\/v2\/pages\/2549"}],"wp:featuredmedia":[{"embeddable":true,"href":"https:\/\/www.stemmasrl.com\/es\/wp-json\/wp\/v2\/media\/2522"}],"wp:attachment":[{"href":"https:\/\/www.stemmasrl.com\/es\/wp-json\/wp\/v2\/media?parent=2530"}],"curies":[{"name":"wp","href":"https:\/\/api.w.org\/{rel}","templated":true}]}}