{"id":2513,"date":"2021-04-30T10:08:47","date_gmt":"2021-04-30T08:08:47","guid":{"rendered":"https:\/\/www.stemmasrl.com\/maquinas-a-colada-de-poliuretano-en-molde\/"},"modified":"2022-04-13T16:35:39","modified_gmt":"2022-04-13T14:35:39","slug":"maquinas-a-colada-de-poliuretano-en-molde","status":"publish","type":"page","link":"https:\/\/www.stemmasrl.com\/es\/maquinas-de-moldeo-de-suelas-de-poliuretano-para-la-produccion-de-zapatos\/maquinas-a-colada-de-poliuretano-en-molde\/","title":{"rendered":"M\u00e1quinas a colada de poliuretano en molde"},"content":{"rendered":"<p>[et_pb_section fb_built=\u00bb1&#8243; custom_padding_last_edited=\u00bbon|desktop\u00bb _builder_version=\u00bb4.7.7&#8243; custom_padding=\u00bb50px||||false|false\u00bb custom_padding_tablet=\u00bb0px||||false|false\u00bb custom_padding_phone=\u00bb0px||||false|false\u00bb animation_style=\u00bbfade\u00bb global_colors_info=\u00bb{}\u00bb][et_pb_row column_structure=\u00bb2_5,3_5&#8243; use_custom_gutter=\u00bbon\u00bb gutter_width=\u00bb1&#8243; module_id=\u00bbkronos\u00bb module_class=\u00bbcustom_row\u00bb _builder_version=\u00bb4.8.2&#8243; transform_scale_tablet=\u00bb\u00bb transform_scale_phone=\u00bb\u00bb transform_scale_last_edited=\u00bbon|desktop\u00bb transform_translate_tablet=\u00bb\u00bb transform_translate_phone=\u00bb\u00bb transform_translate_last_edited=\u00bbon|phone\u00bb transform_rotate_tablet=\u00bb\u00bb transform_rotate_phone=\u00bb\u00bb transform_rotate_last_edited=\u00bbon|desktop\u00bb transform_skew_tablet=\u00bb\u00bb transform_skew_phone=\u00bb\u00bb transform_skew_last_edited=\u00bbon|desktop\u00bb transform_origin_tablet=\u00bb\u00bb transform_origin_phone=\u00bb\u00bb transform_origin_last_edited=\u00bbon|desktop\u00bb transform_styles_last_edited=\u00bbon|phone\u00bb z_index=\u00bb500&#8243; width=\u00bb100%\u00bb custom_margin=\u00bb50px|auto|150px|auto|false|false\u00bb custom_margin_tablet=\u00bb0px||0px||false|false\u00bb custom_margin_phone=\u00bb\u00bb custom_margin_last_edited=\u00bbon|phone\u00bb transform_styles_tablet=\u00bb\u00bb transform_styles_phone=\u00bb\u00bb global_colors_info=\u00bb{}\u00bb][et_pb_column type=\u00bb2_5&#8243; module_class=\u00bbfirst-on-mobile\u00bb _builder_version=\u00bb4.7.7&#8243; transform_scale_tablet=\u00bb\u00bb transform_scale_phone=\u00bb\u00bb transform_scale_last_edited=\u00bbon|phone\u00bb transform_translate=\u00bb-106px|0px\u00bb transform_translate_tablet=\u00bb35px|-5px\u00bb transform_translate_phone=\u00bb10px|-10px\u00bb transform_translate_last_edited=\u00bbon|desktop\u00bb transform_translate_linked=\u00bboff\u00bb transform_translate_linked_tablet=\u00bboff\u00bb transform_translate_linked_phone=\u00bboff\u00bb transform_rotate_tablet=\u00bb\u00bb transform_rotate_phone=\u00bb\u00bb transform_rotate_last_edited=\u00bbon|tablet\u00bb transform_skew_tablet=\u00bb\u00bb transform_skew_phone=\u00bb\u00bb transform_skew_last_edited=\u00bbon|tablet\u00bb transform_origin_tablet=\u00bb\u00bb transform_origin_phone=\u00bb\u00bb transform_origin_last_edited=\u00bbon|tablet\u00bb transform_styles_last_edited=\u00bbon|desktop\u00bb custom_padding=\u00bb|100px||0px|false|false\u00bb custom_padding_tablet=\u00bb|||20px|false|false\u00bb custom_padding_phone=\u00bb|||20px|false|false\u00bb custom_padding_last_edited=\u00bbon|tablet\u00bb transform_styles_tablet=\u00bb\u00bb transform_styles_phone=\u00bb\u00bb global_colors_info=\u00bb{}\u00bb][et_pb_text _builder_version=\u00bb4.8.1&#8243; header_font=\u00bb|800||on|||||\u00bb header_text_color=\u00bb#000000&#8243; header_font_size=\u00bb40px\u00bb header_line_height=\u00bb1.1em\u00bb header_3_font=\u00bb|700|||||||\u00bb header_3_font_size=\u00bb25px\u00bb global_colors_info=\u00bb{}\u00bb transform_styles__hover_enabled=\u00bboff|desktop\u00bb transform_scale__hover_enabled=\u00bboff|desktop\u00bb transform_translate__hover_enabled=\u00bboff|desktop\u00bb transform_rotate__hover_enabled=\u00bboff|desktop\u00bb transform_skew__hover_enabled=\u00bboff|desktop\u00bb transform_origin__hover_enabled=\u00bboff|desktop\u00bb transform_scale__hover=\u00bb120%|120%\u00bb]<\/p>\n<h1>Kronos<\/h1>\n<h3>Colada de molde abierto para la producci\u00f3n de suelas.<\/h3>\n<p>&nbsp;<\/p>\n<p>M\u00e1quina rotativa autom\u00e1tica: 18 &#8211; 24 &#8211; 36 estaciones<\/p>\n<p><span style=\"text-decoration: underline;\">Disponibles en las configuraciones:<\/span><br \/>PU colada;<br \/>PU colada | RPU\u00ae;<\/p>\n<p>[\/et_pb_text][\/et_pb_column][et_pb_column type=\u00bb3_5&#8243; module_class=\u00bbsecond-on-mobile\u00bb _builder_version=\u00bb4.7.7&#8243; transform_scale=\u00bb140%|140%\u00bb transform_scale_tablet=\u00bb85%|85%\u00bb transform_scale_phone=\u00bb\u00bb transform_scale_last_edited=\u00bbon|desktop\u00bb transform_translate_tablet=\u00bb\u00bb transform_translate_phone=\u00bb\u00bb transform_translate_last_edited=\u00bbon|phone\u00bb transform_translate_linked_phone=\u00bboff\u00bb transform_rotate_tablet=\u00bb\u00bb transform_rotate_phone=\u00bb\u00bb transform_rotate_last_edited=\u00bbon|desktop\u00bb transform_skew_tablet=\u00bb\u00bb transform_skew_phone=\u00bb\u00bb transform_skew_last_edited=\u00bbon|desktop\u00bb transform_origin_tablet=\u00bb\u00bb transform_origin_phone=\u00bb\u00bb transform_origin_last_edited=\u00bbon|desktop\u00bb transform_styles_last_edited=\u00bbon|desktop\u00bb transform_styles_tablet=\u00bb\u00bb transform_styles_phone=\u00bb\u00bb global_colors_info=\u00bb{}\u00bb][et_pb_image src=\u00bbhttps:\/\/www.stemmasrl.com\/wp-content\/uploads\/2021\/01\/KRONOS-macchina-di-produzione-suole-in-poliuretano-per-colata-su-stampo-aperto.jpg\u00bb alt=\u00bbKRONOS &#8211; M\u00e1quina rotativa para la producci\u00f3n de suelas en colada de poliuretano\u00bb title_text=\u00bbKRONOS &#8211; M\u00e1quina rotativa para la producci\u00f3n de suelas en colada de poliuretano\u00bb show_in_lightbox=\u00bbon\u00bb force_fullwidth=\u00bbon\u00bb _builder_version=\u00bb4.7.7&#8243; global_colors_info=\u00bb{}\u00bb][\/et_pb_image][\/et_pb_column][\/et_pb_row][et_pb_row _builder_version=\u00bb4.8.1&#8243; _module_preset=\u00bbdefault\u00bb custom_margin=\u00bb0px||0px||false|false\u00bb custom_padding=\u00bb0px||0px||false|false\u00bb global_colors_info=\u00bb{}\u00bb][et_pb_column type=\u00bb4_4&#8243; _builder_version=\u00bb4.8.1&#8243; _module_preset=\u00bbdefault\u00bb custom_padding=\u00bb0px||0px||false|false\u00bb global_colors_info=\u00bb{}\u00bb]<\/p>\n<p>[et_pb_divider _builder_version=\u00bb4.8.1&#8243; _module_preset=\u00bbdefault\u00bb custom_margin=\u00bb0px||0px||false|false\u00bb custom_padding=\u00bb0px||0px||false|false\u00bb][\/et_pb_divider]<\/p>\n<p>[\/et_pb_column][\/et_pb_row][et_pb_row column_structure=\u00bb3_5,2_5&#8243; use_custom_gutter=\u00bbon\u00bb gutter_width=\u00bb1&#8243; module_id=\u00bbsab\u00bb module_class=\u00bbcustom_row\u00bb _builder_version=\u00bb4.8.2&#8243; background_color=\u00bbrgba(0,0,0,0)\u00bb z_index=\u00bb500&#8243; width=\u00bb100%\u00bb custom_margin=\u00bb150px|auto|150px|auto|false|false\u00bb custom_margin_tablet=\u00bb0px||0px||false|false\u00bb custom_margin_phone=\u00bb\u00bb custom_margin_last_edited=\u00bbon|desktop\u00bb custom_padding=\u00bb0px||0px||false|false\u00bb global_colors_info=\u00bb{}\u00bb][et_pb_column type=\u00bb3_5&#8243; module_class=\u00bbsecond-on-mobile\u00bb _builder_version=\u00bb4.7.7&#8243; transform_scale=\u00bb140%|140%\u00bb transform_scale_tablet=\u00bb85%|85%\u00bb transform_scale_phone=\u00bb\u00bb transform_scale_last_edited=\u00bbon|desktop\u00bb transform_translate_tablet=\u00bb\u00bb transform_translate_phone=\u00bb\u00bb transform_translate_last_edited=\u00bbon|desktop\u00bb transform_translate_linked_tablet=\u00bboff\u00bb transform_rotate_tablet=\u00bb\u00bb transform_rotate_phone=\u00bb\u00bb transform_rotate_last_edited=\u00bbon|desktop\u00bb transform_skew_tablet=\u00bb\u00bb transform_skew_phone=\u00bb\u00bb transform_skew_last_edited=\u00bbon|desktop\u00bb transform_origin_tablet=\u00bb\u00bb transform_origin_phone=\u00bb\u00bb transform_origin_last_edited=\u00bbon|desktop\u00bb transform_styles_last_edited=\u00bbon|desktop\u00bb transform_styles_tablet=\u00bb\u00bb transform_styles_phone=\u00bb\u00bb global_colors_info=\u00bb{}\u00bb][et_pb_image src=\u00bbhttps:\/\/www.stemmasrl.com\/wp-content\/uploads\/2021\/04\/SLAB-macchina-suolette-in-poliuretano-per-colata-su-stampo.jpg\u00bb alt=\u00bbSAB &#8211; M\u00e1quina est\u00e1tica para la producci\u00f3n de plantillas y suelas en colada de poliuretano\u00bb title_text=\u00bbSAB &#8211; M\u00e1quina est\u00e1tica para la producci\u00f3n de plantillas y suelas en colada de poliuretano\u00bb show_in_lightbox=\u00bbon\u00bb force_fullwidth=\u00bbon\u00bb _builder_version=\u00bb4.14.5&#8243; hover_enabled=\u00bb0&#8243; global_colors_info=\u00bb{}\u00bb sticky_enabled=\u00bb0&#8243;][\/et_pb_image][\/et_pb_column][et_pb_column type=\u00bb2_5&#8243; module_class=\u00bbfirst-on-mobile\u00bb _builder_version=\u00bb4.7.7&#8243; transform_scale_tablet=\u00bb\u00bb transform_scale_phone=\u00bb\u00bb transform_scale_last_edited=\u00bbon|tablet\u00bb transform_translate=\u00bb206px|0px\u00bb transform_translate_tablet=\u00bb35px|-5px\u00bb transform_translate_phone=\u00bb10px|-10px\u00bb transform_translate_last_edited=\u00bbon|phone\u00bb transform_translate_linked=\u00bboff\u00bb transform_translate_linked_tablet=\u00bboff\u00bb transform_rotate_tablet=\u00bb\u00bb transform_rotate_phone=\u00bb\u00bb transform_rotate_last_edited=\u00bbon|tablet\u00bb transform_skew_tablet=\u00bb\u00bb transform_skew_phone=\u00bb\u00bb transform_skew_last_edited=\u00bbon|tablet\u00bb transform_origin_tablet=\u00bb\u00bb transform_origin_phone=\u00bb\u00bb transform_origin_last_edited=\u00bbon|tablet\u00bb transform_styles_last_edited=\u00bbon|phone\u00bb custom_padding=\u00bb|100px|||false|false\u00bb custom_padding_tablet=\u00bb|||20px|false|false\u00bb custom_padding_phone=\u00bb\u00bb custom_padding_last_edited=\u00bbon|phone\u00bb transform_styles_tablet=\u00bb\u00bb transform_styles_phone=\u00bb\u00bb global_colors_info=\u00bb{}\u00bb][et_pb_text _builder_version=\u00bb4.14.5&#8243; header_font=\u00bb|800||on|||||\u00bb header_text_color=\u00bb#000000&#8243; header_font_size=\u00bb40px\u00bb header_line_height=\u00bb1.1em\u00bb header_3_font=\u00bb|700|||||||\u00bb header_3_font_size=\u00bb25px\u00bb hover_enabled=\u00bb0&#8243; global_colors_info=\u00bb{}\u00bb transform_styles__hover_enabled=\u00bboff|desktop\u00bb transform_scale__hover_enabled=\u00bboff|desktop\u00bb transform_translate__hover_enabled=\u00bboff|desktop\u00bb transform_rotate__hover_enabled=\u00bboff|desktop\u00bb transform_skew__hover_enabled=\u00bboff|desktop\u00bb transform_origin__hover_enabled=\u00bboff|desktop\u00bb transform_scale__hover=\u00bb120%|120%\u00bb sticky_enabled=\u00bb0&#8243;]<\/p>\n<h1>SAB<\/h1>\n<h3><b>Colada en molde abierto para para la producci\u00f3n de plantillas y suelas en poliuretano<\/b><\/h3>\n<p><strong>\u00a0<\/strong><\/p>\n<p>M\u00e1quina est\u00e1tica semiautom\u00e1tica con colador autolimpiante:<br \/>12 &#8211; 14 &#8211; 18 &#8211; 24 stazioni<\/p>\n<p>[\/et_pb_text][\/et_pb_column][\/et_pb_row][\/et_pb_section]<\/p>\n","protected":false},"excerpt":{"rendered":"<p>Kronos Colada de molde abierto para la producci\u00f3n de suelas. &nbsp; M\u00e1quina rotativa autom\u00e1tica: 18 &#8211; 24 &#8211; 36 estaciones Disponibles en las configuraciones:PU colada;PU colada | RPU\u00ae;SAB Colada en molde abierto para para la producci\u00f3n de plantillas y suelas en poliuretano \u00a0 M\u00e1quina est\u00e1tica semiautom\u00e1tica con colador autolimpiante:12 &#8211; 14 &#8211; 18 &#8211; 24 [&hellip;]<\/p>\n","protected":false},"author":2,"featured_media":0,"parent":2552,"menu_order":0,"comment_status":"closed","ping_status":"closed","template":"","meta":{"_et_pb_use_builder":"on","_et_pb_old_content":"","_et_gb_content_width":"","footnotes":""},"class_list":["post-2513","page","type-page","status-publish","hentry"],"yoast_head":"<!-- This site is optimized with the Yoast SEO plugin v24.0 - https:\/\/yoast.com\/wordpress\/plugins\/seo\/ -->\n<title>M\u00e1quinas a colada de poliuretano en molde - Stemma Srl<\/title>\n<meta name=\"description\" content=\"M\u00e1quinas rotativas y est\u00e1ticas a colada de poliuretano en molde abierto, para la producci\u00f3n de suelas y plantillas\" \/>\n<meta name=\"robots\" content=\"index, follow, max-snippet:-1, max-image-preview:large, max-video-preview:-1\" \/>\n<link rel=\"canonical\" href=\"https:\/\/www.stemmasrl.com\/es\/maquinas-de-moldeo-de-suelas-de-poliuretano-para-la-produccion-de-zapatos\/maquinas-a-colada-de-poliuretano-en-molde\/\" \/>\n<meta property=\"og:locale\" content=\"es_ES\" \/>\n<meta property=\"og:type\" content=\"article\" \/>\n<meta property=\"og:title\" content=\"M\u00e1quinas a colada de poliuretano en molde - Stemma Srl\" \/>\n<meta property=\"og:description\" content=\"M\u00e1quinas rotativas y est\u00e1ticas a colada de poliuretano en molde abierto, para la producci\u00f3n de suelas y plantillas\" \/>\n<meta property=\"og:url\" content=\"https:\/\/www.stemmasrl.com\/es\/maquinas-de-moldeo-de-suelas-de-poliuretano-para-la-produccion-de-zapatos\/maquinas-a-colada-de-poliuretano-en-molde\/\" \/>\n<meta property=\"og:site_name\" content=\"Stemma Srl\" \/>\n<meta property=\"article:publisher\" content=\"https:\/\/www.facebook.com\/STEMMApolyurethanemachine\/\" \/>\n<meta property=\"article:modified_time\" content=\"2022-04-13T14:35:39+00:00\" \/>\n<meta name=\"twitter:card\" content=\"summary_large_image\" \/>\n<meta name=\"twitter:label1\" content=\"Tiempo de lectura\" \/>\n\t<meta name=\"twitter:data1\" content=\"5 minutos\" \/>\n<script type=\"application\/ld+json\" class=\"yoast-schema-graph\">{\"@context\":\"https:\/\/schema.org\",\"@graph\":[{\"@type\":\"WebPage\",\"@id\":\"https:\/\/www.stemmasrl.com\/es\/maquinas-de-moldeo-de-suelas-de-poliuretano-para-la-produccion-de-zapatos\/maquinas-a-colada-de-poliuretano-en-molde\/\",\"url\":\"https:\/\/www.stemmasrl.com\/es\/maquinas-de-moldeo-de-suelas-de-poliuretano-para-la-produccion-de-zapatos\/maquinas-a-colada-de-poliuretano-en-molde\/\",\"name\":\"M\u00e1quinas a colada de poliuretano en molde - Stemma Srl\",\"isPartOf\":{\"@id\":\"https:\/\/www.stemmasrl.com\/es\/#website\"},\"datePublished\":\"2021-04-30T08:08:47+00:00\",\"dateModified\":\"2022-04-13T14:35:39+00:00\",\"description\":\"M\u00e1quinas rotativas y est\u00e1ticas a colada de poliuretano en molde abierto, para la producci\u00f3n de suelas y plantillas\",\"breadcrumb\":{\"@id\":\"https:\/\/www.stemmasrl.com\/es\/maquinas-de-moldeo-de-suelas-de-poliuretano-para-la-produccion-de-zapatos\/maquinas-a-colada-de-poliuretano-en-molde\/#breadcrumb\"},\"inLanguage\":\"es\",\"potentialAction\":[{\"@type\":\"ReadAction\",\"target\":[\"https:\/\/www.stemmasrl.com\/es\/maquinas-de-moldeo-de-suelas-de-poliuretano-para-la-produccion-de-zapatos\/maquinas-a-colada-de-poliuretano-en-molde\/\"]}]},{\"@type\":\"BreadcrumbList\",\"@id\":\"https:\/\/www.stemmasrl.com\/es\/maquinas-de-moldeo-de-suelas-de-poliuretano-para-la-produccion-de-zapatos\/maquinas-a-colada-de-poliuretano-en-molde\/#breadcrumb\",\"itemListElement\":[{\"@type\":\"ListItem\",\"position\":1,\"name\":\"Home\",\"item\":\"https:\/\/www.stemmasrl.com\/es\/\"},{\"@type\":\"ListItem\",\"position\":2,\"name\":\"M\u00e1quinas de moldeo de suelas de poliuretano para la producci\u00f3n de zapatos\",\"item\":\"https:\/\/www.stemmasrl.com\/es\/maquinas-de-moldeo-de-suelas-de-poliuretano-para-la-produccion-de-zapatos\/\"},{\"@type\":\"ListItem\",\"position\":3,\"name\":\"M\u00e1quinas a colada de poliuretano en molde\"}]},{\"@type\":\"WebSite\",\"@id\":\"https:\/\/www.stemmasrl.com\/es\/#website\",\"url\":\"https:\/\/www.stemmasrl.com\/es\/\",\"name\":\"Stemma Srl\",\"description\":\"Tecnologie del poliuretano per l&#039;industria calzaturiera\",\"potentialAction\":[{\"@type\":\"SearchAction\",\"target\":{\"@type\":\"EntryPoint\",\"urlTemplate\":\"https:\/\/www.stemmasrl.com\/es\/?s={search_term_string}\"},\"query-input\":{\"@type\":\"PropertyValueSpecification\",\"valueRequired\":true,\"valueName\":\"search_term_string\"}}],\"inLanguage\":\"es\"}]}<\/script>\n<!-- \/ Yoast SEO plugin. -->","yoast_head_json":{"title":"M\u00e1quinas a colada de poliuretano en molde - Stemma Srl","description":"M\u00e1quinas rotativas y est\u00e1ticas a colada de poliuretano en molde abierto, para la producci\u00f3n de suelas y plantillas","robots":{"index":"index","follow":"follow","max-snippet":"max-snippet:-1","max-image-preview":"max-image-preview:large","max-video-preview":"max-video-preview:-1"},"canonical":"https:\/\/www.stemmasrl.com\/es\/maquinas-de-moldeo-de-suelas-de-poliuretano-para-la-produccion-de-zapatos\/maquinas-a-colada-de-poliuretano-en-molde\/","og_locale":"es_ES","og_type":"article","og_title":"M\u00e1quinas a colada de poliuretano en molde - Stemma Srl","og_description":"M\u00e1quinas rotativas y est\u00e1ticas a colada de poliuretano en molde abierto, para la producci\u00f3n de suelas y plantillas","og_url":"https:\/\/www.stemmasrl.com\/es\/maquinas-de-moldeo-de-suelas-de-poliuretano-para-la-produccion-de-zapatos\/maquinas-a-colada-de-poliuretano-en-molde\/","og_site_name":"Stemma Srl","article_publisher":"https:\/\/www.facebook.com\/STEMMApolyurethanemachine\/","article_modified_time":"2022-04-13T14:35:39+00:00","twitter_card":"summary_large_image","twitter_misc":{"Tiempo de lectura":"5 minutos"},"schema":{"@context":"https:\/\/schema.org","@graph":[{"@type":"WebPage","@id":"https:\/\/www.stemmasrl.com\/es\/maquinas-de-moldeo-de-suelas-de-poliuretano-para-la-produccion-de-zapatos\/maquinas-a-colada-de-poliuretano-en-molde\/","url":"https:\/\/www.stemmasrl.com\/es\/maquinas-de-moldeo-de-suelas-de-poliuretano-para-la-produccion-de-zapatos\/maquinas-a-colada-de-poliuretano-en-molde\/","name":"M\u00e1quinas a colada de poliuretano en molde - Stemma Srl","isPartOf":{"@id":"https:\/\/www.stemmasrl.com\/es\/#website"},"datePublished":"2021-04-30T08:08:47+00:00","dateModified":"2022-04-13T14:35:39+00:00","description":"M\u00e1quinas rotativas y est\u00e1ticas a colada de poliuretano en molde abierto, para la producci\u00f3n de suelas y plantillas","breadcrumb":{"@id":"https:\/\/www.stemmasrl.com\/es\/maquinas-de-moldeo-de-suelas-de-poliuretano-para-la-produccion-de-zapatos\/maquinas-a-colada-de-poliuretano-en-molde\/#breadcrumb"},"inLanguage":"es","potentialAction":[{"@type":"ReadAction","target":["https:\/\/www.stemmasrl.com\/es\/maquinas-de-moldeo-de-suelas-de-poliuretano-para-la-produccion-de-zapatos\/maquinas-a-colada-de-poliuretano-en-molde\/"]}]},{"@type":"BreadcrumbList","@id":"https:\/\/www.stemmasrl.com\/es\/maquinas-de-moldeo-de-suelas-de-poliuretano-para-la-produccion-de-zapatos\/maquinas-a-colada-de-poliuretano-en-molde\/#breadcrumb","itemListElement":[{"@type":"ListItem","position":1,"name":"Home","item":"https:\/\/www.stemmasrl.com\/es\/"},{"@type":"ListItem","position":2,"name":"M\u00e1quinas de moldeo de suelas de poliuretano para la producci\u00f3n de zapatos","item":"https:\/\/www.stemmasrl.com\/es\/maquinas-de-moldeo-de-suelas-de-poliuretano-para-la-produccion-de-zapatos\/"},{"@type":"ListItem","position":3,"name":"M\u00e1quinas a colada de poliuretano en molde"}]},{"@type":"WebSite","@id":"https:\/\/www.stemmasrl.com\/es\/#website","url":"https:\/\/www.stemmasrl.com\/es\/","name":"Stemma Srl","description":"Tecnologie del poliuretano per l&#039;industria calzaturiera","potentialAction":[{"@type":"SearchAction","target":{"@type":"EntryPoint","urlTemplate":"https:\/\/www.stemmasrl.com\/es\/?s={search_term_string}"},"query-input":{"@type":"PropertyValueSpecification","valueRequired":true,"valueName":"search_term_string"}}],"inLanguage":"es"}]}},"_links":{"self":[{"href":"https:\/\/www.stemmasrl.com\/es\/wp-json\/wp\/v2\/pages\/2513","targetHints":{"allow":["GET"]}}],"collection":[{"href":"https:\/\/www.stemmasrl.com\/es\/wp-json\/wp\/v2\/pages"}],"about":[{"href":"https:\/\/www.stemmasrl.com\/es\/wp-json\/wp\/v2\/types\/page"}],"author":[{"embeddable":true,"href":"https:\/\/www.stemmasrl.com\/es\/wp-json\/wp\/v2\/users\/2"}],"replies":[{"embeddable":true,"href":"https:\/\/www.stemmasrl.com\/es\/wp-json\/wp\/v2\/comments?post=2513"}],"version-history":[{"count":12,"href":"https:\/\/www.stemmasrl.com\/es\/wp-json\/wp\/v2\/pages\/2513\/revisions"}],"predecessor-version":[{"id":3903,"href":"https:\/\/www.stemmasrl.com\/es\/wp-json\/wp\/v2\/pages\/2513\/revisions\/3903"}],"up":[{"embeddable":true,"href":"https:\/\/www.stemmasrl.com\/es\/wp-json\/wp\/v2\/pages\/2552"}],"wp:attachment":[{"href":"https:\/\/www.stemmasrl.com\/es\/wp-json\/wp\/v2\/media?parent=2513"}],"curies":[{"name":"wp","href":"https:\/\/api.w.org\/{rel}","templated":true}]}}