{"id":2508,"date":"2021-04-30T09:52:22","date_gmt":"2021-04-30T07:52:22","guid":{"rendered":"https:\/\/www.stemmasrl.com\/automatizacion\/pro-trac-linea-automatica-de-produccion-de-calzado\/"},"modified":"2023-01-26T09:20:31","modified_gmt":"2023-01-26T08:20:31","slug":"pro-trac-linea-automatica-de-produccion-de-calzado","status":"publish","type":"page","link":"https:\/\/www.stemmasrl.com\/es\/automatizacion\/pro-trac-linea-automatica-de-produccion-de-calzado\/","title":{"rendered":"PRO-TRAC L\u00ednea autom\u00e1tica de produccion de calzado"},"content":{"rendered":"<p>[et_pb_section fb_built=\u00bb1&#8243; custom_padding_last_edited=\u00bbon|desktop\u00bb _builder_version=\u00bb4.16&#8243; custom_padding=\u00bb50px||50px||false|false\u00bb custom_padding_tablet=\u00bb0px||||false|false\u00bb custom_padding_phone=\u00bb0px||||false|false\u00bb animation_style=\u00bbfade\u00bb locked=\u00bboff\u00bb global_colors_info=\u00bb{}\u00bb][et_pb_row column_structure=\u00bb2_5,3_5&#8243; use_custom_gutter=\u00bbon\u00bb gutter_width=\u00bb1&#8243; module_id=\u00bbformuladm\u00bb module_class=\u00bbcustom_row\u00bb _builder_version=\u00bb4.16&#8243; z_index=\u00bb500&#8243; width=\u00bb100%\u00bb custom_margin=\u00bb50px|auto|100px|auto|false|false\u00bb custom_margin_tablet=\u00bb0px||0px||false|false\u00bb custom_margin_phone=\u00bb\u00bb custom_margin_last_edited=\u00bbon|phone\u00bb global_colors_info=\u00bb{}\u00bb][et_pb_column type=\u00bb2_5&#8243; module_class=\u00bbfirst_on_mobile\u00bb _builder_version=\u00bb4.16&#8243; transform_scale_tablet=\u00bb\u00bb transform_scale_phone=\u00bb\u00bb transform_scale_last_edited=\u00bbon|tablet\u00bb transform_translate=\u00bb-106px|0px\u00bb transform_translate_tablet=\u00bb35px|-5px\u00bb transform_translate_phone=\u00bb10px|-10px\u00bb transform_translate_last_edited=\u00bbon|tablet\u00bb transform_translate_linked=\u00bboff\u00bb transform_translate_linked_phone=\u00bboff\u00bb transform_rotate_tablet=\u00bb\u00bb transform_rotate_phone=\u00bb\u00bb transform_rotate_last_edited=\u00bbon|tablet\u00bb transform_skew_tablet=\u00bb\u00bb transform_skew_phone=\u00bb\u00bb transform_skew_last_edited=\u00bbon|tablet\u00bb transform_origin_tablet=\u00bb\u00bb transform_origin_phone=\u00bb\u00bb transform_origin_last_edited=\u00bbon|tablet\u00bb transform_styles_last_edited=\u00bbon|tablet\u00bb custom_padding=\u00bb|100px||0px|false|false\u00bb custom_padding_tablet=\u00bb|20px||20px|false|false\u00bb custom_padding_phone=\u00bb\u00bb custom_padding_last_edited=\u00bbon|phone\u00bb transform_styles_tablet=\u00bb\u00bb transform_styles_phone=\u00bb\u00bb global_colors_info=\u00bb{}\u00bb][et_pb_text _builder_version=\u00bb4.16&#8243; header_text_color=\u00bb#000000&#8243; header_font_size=\u00bb40px\u00bb header_line_height=\u00bb1.1em\u00bb header_3_font=\u00bb|700|||||||\u00bb header_3_font_size=\u00bb25px\u00bb global_colors_info=\u00bb{}\u00bb transform_styles__hover_enabled=\u00bboff|desktop\u00bb transform_scale__hover_enabled=\u00bboff|desktop\u00bb transform_translate__hover_enabled=\u00bboff|desktop\u00bb transform_rotate__hover_enabled=\u00bboff|desktop\u00bb transform_skew__hover_enabled=\u00bboff|desktop\u00bb transform_origin__hover_enabled=\u00bboff|desktop\u00bb transform_scale__hover=\u00bb120%|120%\u00bb]<\/p>\n<h1>PRO-TRAC <br \/>Linea autom\u00e1tica<\/h1>\n<p>L\u00ednea autom\u00e1tica para la <strong>preparaci\u00f3n de los cortes<\/strong> y el <strong>manejo de las formas<\/strong> en los procesos de inyecci\u00f3n directa al corte<\/p>\n<p>Un sistema productivo avanzado que conecta en un ciclo integrado la <strong>m\u00e1quina rotativa de inyecci\u00f3n<\/strong>, las <strong>c\u00e9lulas rob\u00f3ticas<\/strong> de mecanizado del corte y la <strong>manipulaci\u00f3n y trasporte de las formas<\/strong> entre las diferentes elaboraciones, permitiendo la <strong>m\u00e1xima eficiencia productiva y un cuidadoso y continuo control del proceso y de las informaciones.<\/strong><\/p>\n<p>[\/et_pb_text][\/et_pb_column][et_pb_column type=\u00bb3_5&#8243; module_class=\u00bbsecond_on_mobile\u00bb _builder_version=\u00bb4.16&#8243; transform_scale=\u00bb140%|140%\u00bb transform_scale_tablet=\u00bb85%|85%\u00bb transform_scale_phone=\u00bb\u00bb transform_scale_last_edited=\u00bbon|desktop\u00bb transform_translate_tablet=\u00bb\u00bb transform_translate_phone=\u00bb\u00bb transform_translate_last_edited=\u00bbon|phone\u00bb transform_rotate_tablet=\u00bb\u00bb transform_rotate_phone=\u00bb\u00bb transform_rotate_last_edited=\u00bbon|desktop\u00bb transform_skew_tablet=\u00bb\u00bb transform_skew_phone=\u00bb\u00bb transform_skew_last_edited=\u00bbon|desktop\u00bb transform_origin_tablet=\u00bb\u00bb transform_origin_phone=\u00bb\u00bb transform_origin_last_edited=\u00bbon|desktop\u00bb transform_styles_last_edited=\u00bbon|desktop\u00bb transform_styles_tablet=\u00bb\u00bb transform_styles_phone=\u00bb\u00bb global_colors_info=\u00bb{}\u00bb][et_pb_image src=\u00bbhttps:\/\/www.stemmasrl.com\/wp-content\/uploads\/2021\/09\/PU-direct-injection-automation-line-for-shoe-production.jpg\u00bb alt=\u00bbPRO-TRAC L\u00ednea autom\u00e1tica de produccion de calzado en poliuretano\u00bb title_text=\u00bbPU-direct-injection-automation-line-for-shoe-production\u00bb show_in_lightbox=\u00bbon\u00bb force_fullwidth=\u00bbon\u00bb _builder_version=\u00bb4.16&#8243; global_colors_info=\u00bb{}\u00bb][\/et_pb_image][\/et_pb_column][\/et_pb_row][et_pb_row _builder_version=\u00bb4.16&#8243; _module_preset=\u00bbdefault\u00bb transform_scale_tablet=\u00bb\u00bb transform_scale_phone=\u00bb\u00bb transform_scale_last_edited=\u00bbon|desktop\u00bb transform_translate_tablet=\u00bb\u00bb transform_translate_phone=\u00bb\u00bb transform_translate_last_edited=\u00bbon|desktop\u00bb transform_rotate_tablet=\u00bb\u00bb transform_rotate_phone=\u00bb\u00bb transform_rotate_last_edited=\u00bbon|desktop\u00bb transform_skew_tablet=\u00bb\u00bb transform_skew_phone=\u00bb\u00bb transform_skew_last_edited=\u00bbon|desktop\u00bb transform_origin_tablet=\u00bb\u00bb transform_origin_phone=\u00bb\u00bb transform_origin_last_edited=\u00bbon|desktop\u00bb transform_styles_last_edited=\u00bbon|desktop\u00bb width=\u00bb85%\u00bb custom_margin=\u00bb50px||100px||false|false\u00bb custom_margin_tablet=\u00bb0px||100px||false|false\u00bb custom_margin_phone=\u00bb||0px||false|false\u00bb custom_margin_last_edited=\u00bbon|phone\u00bb custom_padding=\u00bb0px||0px||false|false\u00bb transform_styles_tablet=\u00bb\u00bb transform_styles_phone=\u00bb\u00bb box_shadow_style=\u00bbpreset1&#8243; box_shadow_color=\u00bbrgba(0,0,0,0.1)\u00bb locked=\u00bboff\u00bb global_colors_info=\u00bb{}\u00bb][et_pb_column type=\u00bb4_4&#8243; _builder_version=\u00bb4.16&#8243; _module_preset=\u00bbdefault\u00bb global_colors_info=\u00bb{}\u00bb]<\/p>\n<p>[et_pb_gallery gallery_ids=\u00bb2898,2907,2904,2915,2912,2901,2918&#8243; fullwidth=\u00bbon\u00bb _builder_version=\u00bb4.9.4&#8243; _module_preset=\u00bbdefault\u00bb auto=\u00bbon\u00bb hover_enabled=\u00bb0&#8243; auto_speed=\u00bb3000&#8243; sticky_enabled=\u00bb0&#8243; disabled_on=\u00bboff|off|off\u00bb][\/et_pb_gallery]<\/p>\n<p>[\/et_pb_column][\/et_pb_row][\/et_pb_section]<\/p>\n","protected":false},"excerpt":{"rendered":"<p>PRO-TRAC Linea autom\u00e1tica L\u00ednea autom\u00e1tica para la preparaci\u00f3n de los cortes y el manejo de las formas en los procesos de inyecci\u00f3n directa al corte Un sistema productivo avanzado que conecta en un ciclo integrado la m\u00e1quina rotativa de inyecci\u00f3n, las c\u00e9lulas rob\u00f3ticas de mecanizado del corte y la manipulaci\u00f3n y trasporte de las formas [&hellip;]<\/p>\n","protected":false},"author":2,"featured_media":2509,"parent":2499,"menu_order":0,"comment_status":"closed","ping_status":"closed","template":"","meta":{"_et_pb_use_builder":"on","_et_pb_old_content":"","_et_gb_content_width":"","footnotes":""},"class_list":["post-2508","page","type-page","status-publish","has-post-thumbnail","hentry"],"yoast_head":"<!-- This site is optimized with the Yoast SEO plugin v27.5 - https:\/\/yoast.com\/product\/yoast-seo-wordpress\/ -->\n<title>PRO-TRAC L\u00ednea autom\u00e1tica de produccion de calzado - Stemma Srl<\/title>\n<meta name=\"description\" content=\"L\u00ednea autom\u00e1tica de produccion de calzado con m\u00e1quina rotativa autom\u00e1tica de inyecci\u00f3n directa del poliuretano, robots de procesamiento y trasportadores\" \/>\n<meta name=\"robots\" content=\"index, follow, max-snippet:-1, max-image-preview:large, max-video-preview:-1\" \/>\n<link rel=\"canonical\" href=\"https:\/\/www.stemmasrl.com\/es\/automatizacion\/pro-trac-linea-automatica-de-produccion-de-calzado\/\" \/>\n<meta property=\"og:locale\" content=\"es_ES\" \/>\n<meta property=\"og:type\" content=\"article\" \/>\n<meta property=\"og:title\" content=\"PRO-TRAC L\u00ednea autom\u00e1tica de produccion de calzado - Stemma Srl\" \/>\n<meta property=\"og:description\" content=\"L\u00ednea autom\u00e1tica de produccion de calzado con m\u00e1quina rotativa autom\u00e1tica de inyecci\u00f3n directa del poliuretano, robots de procesamiento y trasportadores\" \/>\n<meta property=\"og:url\" content=\"https:\/\/www.stemmasrl.com\/es\/automatizacion\/pro-trac-linea-automatica-de-produccion-de-calzado\/\" \/>\n<meta property=\"og:site_name\" content=\"Stemma Srl\" \/>\n<meta property=\"article:publisher\" content=\"https:\/\/www.facebook.com\/STEMMApolyurethanemachine\/\" \/>\n<meta property=\"article:modified_time\" content=\"2023-01-26T08:20:31+00:00\" \/>\n<meta property=\"og:image\" content=\"https:\/\/www.stemmasrl.com\/wp-content\/uploads\/2021\/01\/linea-produzione-calzature-in-poliuretano-PRO-TRAC.jpg\" \/>\n\t<meta property=\"og:image:width\" content=\"1440\" \/>\n\t<meta property=\"og:image:height\" content=\"569\" \/>\n\t<meta property=\"og:image:type\" content=\"image\/jpeg\" \/>\n<meta name=\"twitter:card\" content=\"summary_large_image\" \/>\n<meta name=\"twitter:label1\" content=\"Tiempo de lectura\" \/>\n\t<meta name=\"twitter:data1\" content=\"3 minutos\" \/>\n<script type=\"application\/ld+json\" class=\"yoast-schema-graph\">{\"@context\":\"https:\\\/\\\/schema.org\",\"@graph\":[{\"@type\":\"WebPage\",\"@id\":\"https:\\\/\\\/www.stemmasrl.com\\\/es\\\/automatizacion\\\/pro-trac-linea-automatica-de-produccion-de-calzado\\\/\",\"url\":\"https:\\\/\\\/www.stemmasrl.com\\\/es\\\/automatizacion\\\/pro-trac-linea-automatica-de-produccion-de-calzado\\\/\",\"name\":\"PRO-TRAC L\u00ednea autom\u00e1tica de produccion de calzado - Stemma Srl\",\"isPartOf\":{\"@id\":\"https:\\\/\\\/www.stemmasrl.com\\\/es\\\/#website\"},\"primaryImageOfPage\":{\"@id\":\"https:\\\/\\\/www.stemmasrl.com\\\/es\\\/automatizacion\\\/pro-trac-linea-automatica-de-produccion-de-calzado\\\/#primaryimage\"},\"image\":{\"@id\":\"https:\\\/\\\/www.stemmasrl.com\\\/es\\\/automatizacion\\\/pro-trac-linea-automatica-de-produccion-de-calzado\\\/#primaryimage\"},\"thumbnailUrl\":\"https:\\\/\\\/www.stemmasrl.com\\\/wp-content\\\/uploads\\\/2021\\\/01\\\/linea-produzione-calzature-in-poliuretano-PRO-TRAC.jpg\",\"datePublished\":\"2021-04-30T07:52:22+00:00\",\"dateModified\":\"2023-01-26T08:20:31+00:00\",\"description\":\"L\u00ednea autom\u00e1tica de produccion de calzado con m\u00e1quina rotativa autom\u00e1tica de inyecci\u00f3n directa del poliuretano, robots de procesamiento y trasportadores\",\"breadcrumb\":{\"@id\":\"https:\\\/\\\/www.stemmasrl.com\\\/es\\\/automatizacion\\\/pro-trac-linea-automatica-de-produccion-de-calzado\\\/#breadcrumb\"},\"inLanguage\":\"es\",\"potentialAction\":[{\"@type\":\"ReadAction\",\"target\":[\"https:\\\/\\\/www.stemmasrl.com\\\/es\\\/automatizacion\\\/pro-trac-linea-automatica-de-produccion-de-calzado\\\/\"]}]},{\"@type\":\"ImageObject\",\"inLanguage\":\"es\",\"@id\":\"https:\\\/\\\/www.stemmasrl.com\\\/es\\\/automatizacion\\\/pro-trac-linea-automatica-de-produccion-de-calzado\\\/#primaryimage\",\"url\":\"https:\\\/\\\/www.stemmasrl.com\\\/wp-content\\\/uploads\\\/2021\\\/01\\\/linea-produzione-calzature-in-poliuretano-PRO-TRAC.jpg\",\"contentUrl\":\"https:\\\/\\\/www.stemmasrl.com\\\/wp-content\\\/uploads\\\/2021\\\/01\\\/linea-produzione-calzature-in-poliuretano-PRO-TRAC.jpg\",\"width\":1440,\"height\":569},{\"@type\":\"BreadcrumbList\",\"@id\":\"https:\\\/\\\/www.stemmasrl.com\\\/es\\\/automatizacion\\\/pro-trac-linea-automatica-de-produccion-de-calzado\\\/#breadcrumb\",\"itemListElement\":[{\"@type\":\"ListItem\",\"position\":1,\"name\":\"Home\",\"item\":\"https:\\\/\\\/www.stemmasrl.com\\\/es\\\/\"},{\"@type\":\"ListItem\",\"position\":2,\"name\":\"Automatizaci\u00f3n\",\"item\":\"https:\\\/\\\/www.stemmasrl.com\\\/es\\\/automatizacion\\\/\"},{\"@type\":\"ListItem\",\"position\":3,\"name\":\"PRO-TRAC L\u00ednea autom\u00e1tica de produccion de calzado\"}]},{\"@type\":\"WebSite\",\"@id\":\"https:\\\/\\\/www.stemmasrl.com\\\/es\\\/#website\",\"url\":\"https:\\\/\\\/www.stemmasrl.com\\\/es\\\/\",\"name\":\"Stemma Srl\",\"description\":\"Tecnologie del poliuretano per l&#039;industria calzaturiera\",\"potentialAction\":[{\"@type\":\"SearchAction\",\"target\":{\"@type\":\"EntryPoint\",\"urlTemplate\":\"https:\\\/\\\/www.stemmasrl.com\\\/es\\\/?s={search_term_string}\"},\"query-input\":{\"@type\":\"PropertyValueSpecification\",\"valueRequired\":true,\"valueName\":\"search_term_string\"}}],\"inLanguage\":\"es\"}]}<\/script>\n<!-- \/ Yoast SEO plugin. -->","yoast_head_json":{"title":"PRO-TRAC L\u00ednea autom\u00e1tica de produccion de calzado - Stemma Srl","description":"L\u00ednea autom\u00e1tica de produccion de calzado con m\u00e1quina rotativa autom\u00e1tica de inyecci\u00f3n directa del poliuretano, robots de procesamiento y trasportadores","robots":{"index":"index","follow":"follow","max-snippet":"max-snippet:-1","max-image-preview":"max-image-preview:large","max-video-preview":"max-video-preview:-1"},"canonical":"https:\/\/www.stemmasrl.com\/es\/automatizacion\/pro-trac-linea-automatica-de-produccion-de-calzado\/","og_locale":"es_ES","og_type":"article","og_title":"PRO-TRAC L\u00ednea autom\u00e1tica de produccion de calzado - Stemma Srl","og_description":"L\u00ednea autom\u00e1tica de produccion de calzado con m\u00e1quina rotativa autom\u00e1tica de inyecci\u00f3n directa del poliuretano, robots de procesamiento y trasportadores","og_url":"https:\/\/www.stemmasrl.com\/es\/automatizacion\/pro-trac-linea-automatica-de-produccion-de-calzado\/","og_site_name":"Stemma Srl","article_publisher":"https:\/\/www.facebook.com\/STEMMApolyurethanemachine\/","article_modified_time":"2023-01-26T08:20:31+00:00","og_image":[{"width":1440,"height":569,"url":"https:\/\/www.stemmasrl.com\/wp-content\/uploads\/2021\/01\/linea-produzione-calzature-in-poliuretano-PRO-TRAC.jpg","type":"image\/jpeg"}],"twitter_card":"summary_large_image","twitter_misc":{"Tiempo de lectura":"3 minutos"},"schema":{"@context":"https:\/\/schema.org","@graph":[{"@type":"WebPage","@id":"https:\/\/www.stemmasrl.com\/es\/automatizacion\/pro-trac-linea-automatica-de-produccion-de-calzado\/","url":"https:\/\/www.stemmasrl.com\/es\/automatizacion\/pro-trac-linea-automatica-de-produccion-de-calzado\/","name":"PRO-TRAC L\u00ednea autom\u00e1tica de produccion de calzado - Stemma Srl","isPartOf":{"@id":"https:\/\/www.stemmasrl.com\/es\/#website"},"primaryImageOfPage":{"@id":"https:\/\/www.stemmasrl.com\/es\/automatizacion\/pro-trac-linea-automatica-de-produccion-de-calzado\/#primaryimage"},"image":{"@id":"https:\/\/www.stemmasrl.com\/es\/automatizacion\/pro-trac-linea-automatica-de-produccion-de-calzado\/#primaryimage"},"thumbnailUrl":"https:\/\/www.stemmasrl.com\/wp-content\/uploads\/2021\/01\/linea-produzione-calzature-in-poliuretano-PRO-TRAC.jpg","datePublished":"2021-04-30T07:52:22+00:00","dateModified":"2023-01-26T08:20:31+00:00","description":"L\u00ednea autom\u00e1tica de produccion de calzado con m\u00e1quina rotativa autom\u00e1tica de inyecci\u00f3n directa del poliuretano, robots de procesamiento y trasportadores","breadcrumb":{"@id":"https:\/\/www.stemmasrl.com\/es\/automatizacion\/pro-trac-linea-automatica-de-produccion-de-calzado\/#breadcrumb"},"inLanguage":"es","potentialAction":[{"@type":"ReadAction","target":["https:\/\/www.stemmasrl.com\/es\/automatizacion\/pro-trac-linea-automatica-de-produccion-de-calzado\/"]}]},{"@type":"ImageObject","inLanguage":"es","@id":"https:\/\/www.stemmasrl.com\/es\/automatizacion\/pro-trac-linea-automatica-de-produccion-de-calzado\/#primaryimage","url":"https:\/\/www.stemmasrl.com\/wp-content\/uploads\/2021\/01\/linea-produzione-calzature-in-poliuretano-PRO-TRAC.jpg","contentUrl":"https:\/\/www.stemmasrl.com\/wp-content\/uploads\/2021\/01\/linea-produzione-calzature-in-poliuretano-PRO-TRAC.jpg","width":1440,"height":569},{"@type":"BreadcrumbList","@id":"https:\/\/www.stemmasrl.com\/es\/automatizacion\/pro-trac-linea-automatica-de-produccion-de-calzado\/#breadcrumb","itemListElement":[{"@type":"ListItem","position":1,"name":"Home","item":"https:\/\/www.stemmasrl.com\/es\/"},{"@type":"ListItem","position":2,"name":"Automatizaci\u00f3n","item":"https:\/\/www.stemmasrl.com\/es\/automatizacion\/"},{"@type":"ListItem","position":3,"name":"PRO-TRAC L\u00ednea autom\u00e1tica de produccion de calzado"}]},{"@type":"WebSite","@id":"https:\/\/www.stemmasrl.com\/es\/#website","url":"https:\/\/www.stemmasrl.com\/es\/","name":"Stemma Srl","description":"Tecnologie del poliuretano per l&#039;industria calzaturiera","potentialAction":[{"@type":"SearchAction","target":{"@type":"EntryPoint","urlTemplate":"https:\/\/www.stemmasrl.com\/es\/?s={search_term_string}"},"query-input":{"@type":"PropertyValueSpecification","valueRequired":true,"valueName":"search_term_string"}}],"inLanguage":"es"}]}},"_links":{"self":[{"href":"https:\/\/www.stemmasrl.com\/es\/wp-json\/wp\/v2\/pages\/2508","targetHints":{"allow":["GET"]}}],"collection":[{"href":"https:\/\/www.stemmasrl.com\/es\/wp-json\/wp\/v2\/pages"}],"about":[{"href":"https:\/\/www.stemmasrl.com\/es\/wp-json\/wp\/v2\/types\/page"}],"author":[{"embeddable":true,"href":"https:\/\/www.stemmasrl.com\/es\/wp-json\/wp\/v2\/users\/2"}],"replies":[{"embeddable":true,"href":"https:\/\/www.stemmasrl.com\/es\/wp-json\/wp\/v2\/comments?post=2508"}],"version-history":[{"count":19,"href":"https:\/\/www.stemmasrl.com\/es\/wp-json\/wp\/v2\/pages\/2508\/revisions"}],"predecessor-version":[{"id":4226,"href":"https:\/\/www.stemmasrl.com\/es\/wp-json\/wp\/v2\/pages\/2508\/revisions\/4226"}],"up":[{"embeddable":true,"href":"https:\/\/www.stemmasrl.com\/es\/wp-json\/wp\/v2\/pages\/2499"}],"wp:featuredmedia":[{"embeddable":true,"href":"https:\/\/www.stemmasrl.com\/es\/wp-json\/wp\/v2\/media\/2509"}],"wp:attachment":[{"href":"https:\/\/www.stemmasrl.com\/es\/wp-json\/wp\/v2\/media?parent=2508"}],"curies":[{"name":"wp","href":"https:\/\/api.w.org\/{rel}","templated":true}]}}