{"id":2499,"date":"2021-04-30T09:36:33","date_gmt":"2021-04-30T07:36:33","guid":{"rendered":"https:\/\/www.stemmasrl.com\/automatizacion\/"},"modified":"2021-04-30T15:02:11","modified_gmt":"2021-04-30T13:02:11","slug":"automatizacion","status":"publish","type":"page","link":"https:\/\/www.stemmasrl.com\/es\/automatizacion\/","title":{"rendered":"Automatizaci\u00f3n"},"content":{"rendered":"<p>[et_pb_section fb_built=\u00bb1&#8243; fullwidth=\u00bbon\u00bb _builder_version=\u00bb4.7.7&#8243; custom_margin=\u00bb-1px||||false|false\u00bb locked=\u00bboff\u00bb][et_pb_fullwidth_slider _builder_version=\u00bb4.7.7&#8243; header_line_height=\u00bb1.2em\u00bb custom_button=\u00bbon\u00bb custom_padding=\u00bb50px||25px||false|false\u00bb][et_pb_slide heading=\u00bb@ET-DC@eyJkeW5hbWljIjp0cnVlLCJjb250ZW50IjoicG9zdF90aXRsZSIsInNldHRpbmdzIjp7ImJlZm9yZSI6IiIsImFmdGVyIjoiIn19@\u00bb _builder_version=\u00bb4.7.7&#8243; _dynamic_attributes=\u00bbheading\u00bb header_font=\u00bbLato|700|||||||\u00bb body_font_size=\u00bb21px\u00bb background_color=\u00bb#ffffff\u00bb background_enable_color=\u00bbon\u00bb use_background_color_gradient=\u00bbon\u00bb background_color_gradient_start=\u00bbrgba(0,0,0,0.8)\u00bb background_color_gradient_end=\u00bbrgba(0,0,0,0.5)\u00bb background_color_gradient_direction=\u00bb60deg\u00bb background_color_gradient_end_position=\u00bb50%\u00bb background_color_gradient_overlays_image=\u00bbon\u00bb background_enable_image=\u00bboff\u00bb text_orientation=\u00bbleft\u00bb sticky_transition=\u00bbon\u00bb][\/et_pb_slide][\/et_pb_fullwidth_slider][\/et_pb_section][et_pb_section fb_built=\u00bb1&#8243; custom_padding_last_edited=\u00bboff|desktop\u00bb _builder_version=\u00bb4.8.1&#8243; custom_padding=\u00bb0px||50px||false|false\u00bb custom_padding_tablet=\u00bb0px||||false|false\u00bb custom_padding_phone=\u00bb0px||||false|false\u00bb locked=\u00bboff\u00bb][et_pb_row column_structure=\u00bb1_3,1_3,1_3&#8243; use_custom_gutter=\u00bbon\u00bb gutter_width=\u00bb2&#8243; _builder_version=\u00bb4.7.7&#8243; _module_preset=\u00bbdefault\u00bb max_width=\u00bb1476px\u00bb custom_padding=\u00bb50px||50px||false|false\u00bb custom_padding__hover_enabled=\u00bboff|desktop\u00bb][et_pb_column type=\u00bb1_3&#8243; _builder_version=\u00bb4.7.7&#8243; _module_preset=\u00bbdefault\u00bb][et_pb_cta title=\u00bbL\u00ednea autom\u00e1tica PRO-TRAC\u00bb button_url=\u00bb@ET-DC@eyJkeW5hbWljIjp0cnVlLCJjb250ZW50IjoicG9zdF9saW5rX3VybF9wYWdlIiwic2V0dGluZ3MiOnsicG9zdF9pZCI6IjM4OSJ9fQ==@\u00bb button_text=\u00bbDescubra la linea\u00bb _builder_version=\u00bb4.8.1&#8243; _dynamic_attributes=\u00bbbutton_url\u00bb _module_preset=\u00bbdefault\u00bb header_font=\u00bb|800|||||||\u00bb background_enable_color=\u00bboff\u00bb use_background_color=\u00bboff\u00bb use_background_color_gradient=\u00bbon\u00bb background_color_gradient_start=\u00bbrgba(0,0,0,0.49)\u00bb background_color_gradient_end=\u00bbrgba(0,0,0,0.25)\u00bb background_color_gradient_type=\u00bbradial\u00bb background_color_gradient_direction_radial=\u00bbbottom\u00bb background_color_gradient_overlays_image=\u00bbon\u00bb background_image=\u00bbhttps:\/\/www.stemmasrl.com\/wp-content\/uploads\/2021\/01\/linea-di-produzione-scarpe.jpg\u00bb custom_padding=\u00bb100px||100px||false|false\u00bb hover_enabled=\u00bb0&#8243; header_text_shadow_style=\u00bbpreset1&#8243; border_radii__hover_enabled=\u00bbon|hover\u00bb border_radii__hover=\u00bbon|50px|50px|50px|50px\u00bb height=\u00bb350px\u00bb header_font_size=\u00bb32px\u00bb sticky_enabled=\u00bb0&#8243;][\/et_pb_cta][\/et_pb_column][et_pb_column type=\u00bb1_3&#8243; _builder_version=\u00bb4.7.7&#8243; _module_preset=\u00bbdefault\u00bb][et_pb_cta title=\u00bbUnidades rob\u00f3ticas\u00bb button_url=\u00bb@ET-DC@eyJkeW5hbWljIjp0cnVlLCJjb250ZW50IjoicG9zdF9saW5rX3VybF9wYWdlIiwic2V0dGluZ3MiOnsicG9zdF9pZCI6IjQ0OCJ9fQ==@\u00bb button_text=\u00bbDescubra los procesos\u00bb _builder_version=\u00bb4.8.1&#8243; _dynamic_attributes=\u00bbbutton_url\u00bb _module_preset=\u00bbdefault\u00bb header_font=\u00bb|800|||||||\u00bb background_enable_color=\u00bboff\u00bb use_background_color=\u00bboff\u00bb use_background_color_gradient=\u00bbon\u00bb background_color_gradient_start=\u00bbrgba(0,0,0,0.5)\u00bb background_color_gradient_end=\u00bbrgba(0,0,0,0.24)\u00bb background_color_gradient_type=\u00bbradial\u00bb background_color_gradient_direction_radial=\u00bbbottom\u00bb background_color_gradient_overlays_image=\u00bbon\u00bb background_image=\u00bbhttps:\/\/www.stemmasrl.com\/wp-content\/uploads\/2021\/01\/robot-cardatura-tomaia-scarpe-poliuretano.jpg\u00bb custom_padding=\u00bb100px||100px||false|false\u00bb hover_enabled=\u00bb0&#8243; header_text_shadow_style=\u00bbpreset1&#8243; locked=\u00bboff\u00bb border_radii__hover_enabled=\u00bbon|hover\u00bb border_radii__hover=\u00bbon|50px|50px|50px|50px\u00bb header_font_size=\u00bb32px\u00bb height=\u00bb350px\u00bb sticky_enabled=\u00bb0&#8243;][\/et_pb_cta][\/et_pb_column][et_pb_column type=\u00bb1_3&#8243; _builder_version=\u00bb4.7.7&#8243; _module_preset=\u00bbdefault\u00bb][\/et_pb_column][\/et_pb_row][\/et_pb_section]<\/p>\n","protected":false},"excerpt":{"rendered":"","protected":false},"author":2,"featured_media":0,"parent":0,"menu_order":0,"comment_status":"closed","ping_status":"closed","template":"","meta":{"_et_pb_use_builder":"on","_et_pb_old_content":"","_et_gb_content_width":"","footnotes":""},"class_list":["post-2499","page","type-page","status-publish","hentry"],"yoast_head":"<!-- This site is optimized with the Yoast SEO plugin v27.5 - https:\/\/yoast.com\/product\/yoast-seo-wordpress\/ -->\n<title>Automatizaci\u00f3n - Stemma Srl<\/title>\n<meta name=\"description\" content=\"L\u00ednea autom\u00e1tica para la producci\u00f3n de calzado y unidades de procesamiento robotizadas.\" \/>\n<meta name=\"robots\" content=\"index, follow, max-snippet:-1, max-image-preview:large, max-video-preview:-1\" \/>\n<link rel=\"canonical\" href=\"https:\/\/www.stemmasrl.com\/es\/automatizacion\/\" \/>\n<meta property=\"og:locale\" content=\"es_ES\" \/>\n<meta property=\"og:type\" content=\"article\" \/>\n<meta property=\"og:title\" content=\"Automatizaci\u00f3n - Stemma Srl\" \/>\n<meta property=\"og:description\" content=\"L\u00ednea autom\u00e1tica para la producci\u00f3n de calzado y unidades de procesamiento robotizadas.\" \/>\n<meta property=\"og:url\" content=\"https:\/\/www.stemmasrl.com\/es\/automatizacion\/\" \/>\n<meta property=\"og:site_name\" content=\"Stemma Srl\" \/>\n<meta property=\"article:publisher\" content=\"https:\/\/www.facebook.com\/STEMMApolyurethanemachine\/\" \/>\n<meta property=\"article:modified_time\" content=\"2021-04-30T13:02:11+00:00\" \/>\n<meta name=\"twitter:card\" content=\"summary_large_image\" \/>\n<meta name=\"twitter:label1\" content=\"Tiempo de lectura\" \/>\n\t<meta name=\"twitter:data1\" content=\"2 minutos\" \/>\n<script type=\"application\/ld+json\" class=\"yoast-schema-graph\">{\"@context\":\"https:\\\/\\\/schema.org\",\"@graph\":[{\"@type\":\"WebPage\",\"@id\":\"https:\\\/\\\/www.stemmasrl.com\\\/es\\\/automatizacion\\\/\",\"url\":\"https:\\\/\\\/www.stemmasrl.com\\\/es\\\/automatizacion\\\/\",\"name\":\"Automatizaci\u00f3n - Stemma Srl\",\"isPartOf\":{\"@id\":\"https:\\\/\\\/www.stemmasrl.com\\\/es\\\/#website\"},\"datePublished\":\"2021-04-30T07:36:33+00:00\",\"dateModified\":\"2021-04-30T13:02:11+00:00\",\"description\":\"L\u00ednea autom\u00e1tica para la producci\u00f3n de calzado y unidades de procesamiento robotizadas.\",\"breadcrumb\":{\"@id\":\"https:\\\/\\\/www.stemmasrl.com\\\/es\\\/automatizacion\\\/#breadcrumb\"},\"inLanguage\":\"es\",\"potentialAction\":[{\"@type\":\"ReadAction\",\"target\":[\"https:\\\/\\\/www.stemmasrl.com\\\/es\\\/automatizacion\\\/\"]}]},{\"@type\":\"BreadcrumbList\",\"@id\":\"https:\\\/\\\/www.stemmasrl.com\\\/es\\\/automatizacion\\\/#breadcrumb\",\"itemListElement\":[{\"@type\":\"ListItem\",\"position\":1,\"name\":\"Home\",\"item\":\"https:\\\/\\\/www.stemmasrl.com\\\/es\\\/\"},{\"@type\":\"ListItem\",\"position\":2,\"name\":\"Automatizaci\u00f3n\"}]},{\"@type\":\"WebSite\",\"@id\":\"https:\\\/\\\/www.stemmasrl.com\\\/es\\\/#website\",\"url\":\"https:\\\/\\\/www.stemmasrl.com\\\/es\\\/\",\"name\":\"Stemma Srl\",\"description\":\"Tecnologie del poliuretano per l&#039;industria calzaturiera\",\"potentialAction\":[{\"@type\":\"SearchAction\",\"target\":{\"@type\":\"EntryPoint\",\"urlTemplate\":\"https:\\\/\\\/www.stemmasrl.com\\\/es\\\/?s={search_term_string}\"},\"query-input\":{\"@type\":\"PropertyValueSpecification\",\"valueRequired\":true,\"valueName\":\"search_term_string\"}}],\"inLanguage\":\"es\"}]}<\/script>\n<!-- \/ Yoast SEO plugin. -->","yoast_head_json":{"title":"Automatizaci\u00f3n - Stemma Srl","description":"L\u00ednea autom\u00e1tica para la producci\u00f3n de calzado y unidades de procesamiento robotizadas.","robots":{"index":"index","follow":"follow","max-snippet":"max-snippet:-1","max-image-preview":"max-image-preview:large","max-video-preview":"max-video-preview:-1"},"canonical":"https:\/\/www.stemmasrl.com\/es\/automatizacion\/","og_locale":"es_ES","og_type":"article","og_title":"Automatizaci\u00f3n - Stemma Srl","og_description":"L\u00ednea autom\u00e1tica para la producci\u00f3n de calzado y unidades de procesamiento robotizadas.","og_url":"https:\/\/www.stemmasrl.com\/es\/automatizacion\/","og_site_name":"Stemma Srl","article_publisher":"https:\/\/www.facebook.com\/STEMMApolyurethanemachine\/","article_modified_time":"2021-04-30T13:02:11+00:00","twitter_card":"summary_large_image","twitter_misc":{"Tiempo de lectura":"2 minutos"},"schema":{"@context":"https:\/\/schema.org","@graph":[{"@type":"WebPage","@id":"https:\/\/www.stemmasrl.com\/es\/automatizacion\/","url":"https:\/\/www.stemmasrl.com\/es\/automatizacion\/","name":"Automatizaci\u00f3n - Stemma Srl","isPartOf":{"@id":"https:\/\/www.stemmasrl.com\/es\/#website"},"datePublished":"2021-04-30T07:36:33+00:00","dateModified":"2021-04-30T13:02:11+00:00","description":"L\u00ednea autom\u00e1tica para la producci\u00f3n de calzado y unidades de procesamiento robotizadas.","breadcrumb":{"@id":"https:\/\/www.stemmasrl.com\/es\/automatizacion\/#breadcrumb"},"inLanguage":"es","potentialAction":[{"@type":"ReadAction","target":["https:\/\/www.stemmasrl.com\/es\/automatizacion\/"]}]},{"@type":"BreadcrumbList","@id":"https:\/\/www.stemmasrl.com\/es\/automatizacion\/#breadcrumb","itemListElement":[{"@type":"ListItem","position":1,"name":"Home","item":"https:\/\/www.stemmasrl.com\/es\/"},{"@type":"ListItem","position":2,"name":"Automatizaci\u00f3n"}]},{"@type":"WebSite","@id":"https:\/\/www.stemmasrl.com\/es\/#website","url":"https:\/\/www.stemmasrl.com\/es\/","name":"Stemma Srl","description":"Tecnologie del poliuretano per l&#039;industria calzaturiera","potentialAction":[{"@type":"SearchAction","target":{"@type":"EntryPoint","urlTemplate":"https:\/\/www.stemmasrl.com\/es\/?s={search_term_string}"},"query-input":{"@type":"PropertyValueSpecification","valueRequired":true,"valueName":"search_term_string"}}],"inLanguage":"es"}]}},"_links":{"self":[{"href":"https:\/\/www.stemmasrl.com\/es\/wp-json\/wp\/v2\/pages\/2499","targetHints":{"allow":["GET"]}}],"collection":[{"href":"https:\/\/www.stemmasrl.com\/es\/wp-json\/wp\/v2\/pages"}],"about":[{"href":"https:\/\/www.stemmasrl.com\/es\/wp-json\/wp\/v2\/types\/page"}],"author":[{"embeddable":true,"href":"https:\/\/www.stemmasrl.com\/es\/wp-json\/wp\/v2\/users\/2"}],"replies":[{"embeddable":true,"href":"https:\/\/www.stemmasrl.com\/es\/wp-json\/wp\/v2\/comments?post=2499"}],"version-history":[{"count":5,"href":"https:\/\/www.stemmasrl.com\/es\/wp-json\/wp\/v2\/pages\/2499\/revisions"}],"predecessor-version":[{"id":2613,"href":"https:\/\/www.stemmasrl.com\/es\/wp-json\/wp\/v2\/pages\/2499\/revisions\/2613"}],"wp:attachment":[{"href":"https:\/\/www.stemmasrl.com\/es\/wp-json\/wp\/v2\/media?parent=2499"}],"curies":[{"name":"wp","href":"https:\/\/api.w.org\/{rel}","templated":true}]}}